{"id":51510,"date":"2018-05-05T02:13:00","date_gmt":"2018-05-05T06:13:00","guid":{"rendered":"http:\/\/fepada.org\/?page_id=51510"},"modified":"2018-05-09T21:04:33","modified_gmt":"2018-05-10T01:04:33","slug":"clavados","status":"publish","type":"page","link":"https:\/\/fepada.org\/?page_id=51510","title":{"rendered":"Clavados"},"content":{"rendered":"<p>[vc_row rt_row_background_width=\u00bbdefault\u00bb rt_row_style=\u00bbdefault-style\u00bb rt_row_borders=\u00bb\u00bb rt_row_paddings=\u00bbtrue\u00bb rt_bg_effect=\u00bbclassic\u00bb rt_bg_image_repeat=\u00bbrepeat\u00bb rt_bg_size=\u00bbcover\u00bb rt_bg_position=\u00bbright top\u00bb rt_bg_attachment=\u00bbscroll\u00bb rt_bg_video_format=\u00bbself-hosted\u00bb][vc_column width=\u00bb1\/4&#8243; rt_wrp_col_paddings=\u00bbfalse\u00bb rt_border_top=\u00bb\u00bb rt_border_bottom=\u00bb\u00bb rt_border_left=\u00bb\u00bb rt_border_right=\u00bb\u00bb rt_border_top_mobile=\u00bb\u00bb rt_border_bottom_mobile=\u00bb\u00bb rt_border_left_mobile=\u00bb\u00bb rt_border_right_mobile=\u00bb\u00bb rt_bg_image_repeat=\u00bbrepeat\u00bb rt_bg_size=\u00bbauto auto\u00bb rt_bg_position=\u00bbright top\u00bb rt_bg_attachment=\u00bbscroll\u00bb][vc_single_image image=\u00bb51486&#8243; img_size=\u00bbfull\u00bb][\/vc_column][vc_column width=\u00bb3\/4&#8243; rt_wrp_col_paddings=\u00bbfalse\u00bb rt_border_top=\u00bb\u00bb rt_border_bottom=\u00bb\u00bb rt_border_left=\u00bb\u00bb rt_border_right=\u00bb\u00bb rt_border_top_mobile=\u00bb\u00bb rt_border_bottom_mobile=\u00bb\u00bb rt_border_left_mobile=\u00bb\u00bb rt_border_right_mobile=\u00bb\u00bb rt_bg_image_repeat=\u00bbrepeat\u00bb rt_bg_size=\u00bbauto auto\u00bb rt_bg_position=\u00bbright top\u00bb rt_bg_attachment=\u00bbscroll\u00bb][vc_column_text]La nataci\u00f3n se basa en la flotabilidad natural del cuerpo humano. En promedio, el cuerpo tiene una densidad relativa de 0,98 en comparaci\u00f3n con el agua, que hace que el cuerpo flote. Sin embargo, la flotabilidad var\u00eda en funci\u00f3n de la composici\u00f3n corporal y la salinidad del agua. Niveles m\u00e1s altos de densidad del cuerpo o agua m\u00e1s salada con un cuerpo de densidad menor hace que aumente su flotabilidad.<\/p>\n<p>Puesto que el cuerpo humano solo es ligeramente menos denso que el agua, el agua soporta el peso del cuerpo durante la nataci\u00f3n. Como resultado, la nataci\u00f3n es un \u00abimpacto bajo\u00bb en comparaci\u00f3n con las actividades que se pueden realizar en tierra como correr. La densidad y la viscosidad del agua tambi\u00e9n crean resistencia para objetos que se mueven a trav\u00e9s del agua. Los movimientos que el cuerpo debe hacer para nadar aprovechan esta resistencia para crear propulsi\u00f3n, pero esta misma resistencia tambi\u00e9n genera resistencia en el cuerpo.<\/p>\n<p>La hidrodin\u00e1mica es una importante t\u00e9cnica para nadar m\u00e1s r\u00e1pido, es utilizado por nadadores que quieren nadar m\u00e1s r\u00e1pido o reducir la fricci\u00f3n del movimiento del cuerpo a trav\u00e9s del agua. Para ser m\u00e1s hidrodin\u00e1mico, los nadadores pueden aumentar la potencia de sus golpes, o reducir la resistencia al agua, aunque la energ\u00eda debe aumentar por un factor de tres para lograr el mismo efecto que reducir resistencia.<sup id=\"cite_ref-Laughlin_7-0\" class=\"reference separada\"><a href=\"https:\/\/es.wikipedia.org\/wiki\/Nataci%C3%B3n#cite_note-Laughlin-7\">7<\/a><\/sup>\u200b La nataci\u00f3n eficiente se puede lograr reduciendo la resistencia al agua, consiste en una posici\u00f3n horizontal en el agua, balanceo del cuerpo para reducir la amplitud del cuerpo en el agua y extendiendo los brazos tanto como sea posible para reducir la resistencia de onda.<\/p>\n<p>Justo antes de sumergirse en la alberca, los nadadores pueden realizar ejercicios tales como cuclillas. Ponerse en cuclillas ayuda a mejorar la salida de un nadador por calentamiento de los m\u00fasculos del muslo.<sup id=\"cite_ref-8\" class=\"reference separada\"><a href=\"https:\/\/es.wikipedia.org\/wiki\/Nataci%C3%B3n#cite_note-8\">8<\/a><\/sup>[\/vc_column_text][\/vc_column][\/vc_row][vc_row rt_row_background_width=\u00bbdefault\u00bb rt_row_style=\u00bbdefault-style\u00bb rt_row_borders=\u00bb\u00bb rt_row_paddings=\u00bbtrue\u00bb rt_bg_effect=\u00bbclassic\u00bb rt_bg_image_repeat=\u00bbrepeat\u00bb rt_bg_size=\u00bbcover\u00bb rt_bg_position=\u00bbright top\u00bb rt_bg_attachment=\u00bbscroll\u00bb rt_bg_video_format=\u00bbself-hosted\u00bb][vc_column rt_wrp_col_paddings=\u00bbfalse\u00bb rt_border_top=\u00bb\u00bb rt_border_bottom=\u00bb\u00bb rt_border_left=\u00bb\u00bb rt_border_right=\u00bb\u00bb rt_border_top_mobile=\u00bb\u00bb rt_border_bottom_mobile=\u00bb\u00bb rt_border_left_mobile=\u00bb\u00bb rt_border_right_mobile=\u00bb\u00bb rt_bg_image_repeat=\u00bbrepeat\u00bb rt_bg_size=\u00bbauto auto\u00bb rt_bg_position=\u00bbright top\u00bb rt_bg_attachment=\u00bbscroll\u00bb]\n<div id=\"blog-dynamicID-330528\" class=\"blog_list clearfix border_grid fixed_heights\" data-column-width=\"3\">\n<div class=\"row clearfix\">\n<div class=\"col col-sm-4\">\n \n\n<!-- blog box-->\n<article class=\"loop post-60409 post type-post status-publish format-standard hentry category-clavados category-sin-categoria\" id=\"post-60409\">\n\t\t\n\t\n\t\n\n\t<div class=\"date\"><a href=\"https:\/\/fepada.org\/?p=60409\">26 26UTC agosto 26UTC 2025<\/a><\/div> \n\t<div class=\"text entry-content\">\n\n\t\t<!-- blog headline-->\n\t\t<h2 class=\"entry-title\"><a href=\"https:\/\/fepada.org\/?p=60409\" rel=\"bookmark\">Clasificados XXX Campeonato Sudamericano de Clavados, CONSADA, Rio  de Janeiro 2025.<\/a><\/h2> \n\t\t\t\n\n\t\tMEMO CLASIFICADOS SUDAMERICANO JUVENIL - CLAVADOS BRASIL 2025\n\t\t\t\t<!-- meta data -->\r\n\t\t<div class=\"post_data\">\r\n\r\n\t\t\t\t\t\t<!-- user -->\r\n\t\t\t<span class=\"icon-user user margin-right20\"><a href=\"https:\/\/fepada.org\/?author=31\" title=\"Entradas de rodrigo\" rel=\"author\">rodrigo<\/a><\/span>\r\n\t\t\t\r\n\t\t\t\t\t\t<!-- categories -->\r\n\t\t\t<span class=\"icon-flow-cascade categories\"><a href=\"https:\/\/fepada.org\/?cat=194\" rel=\"category\">Clavados<\/a>, <a href=\"https:\/\/fepada.org\/?cat=1\" rel=\"category\">Noticia<\/a><\/span>\r\n\t\t\t\r\n\t\t\t\r\n\t\t\t\r\n\t\t<\/div><!-- \/ end div  .post_data -->\r\n\t\n\t<\/div> \n\n<\/article> \n<!-- \/ blog box-->\n<\/div>\n<div class=\"col col-sm-4\">\n \n\n<!-- blog box-->\n<article class=\"loop post-60452 post type-post status-publish format-standard hentry category-clavados category-sin-categoria\" id=\"post-60452\">\n\t\t\n\t\n\t\n\n\t<div class=\"date\"><a href=\"https:\/\/fepada.org\/?p=60452\">18 18UTC agosto 18UTC 2025<\/a><\/div> \n\t<div class=\"text entry-content\">\n\n\t\t<!-- blog headline-->\n\t\t<h2 class=\"entry-title\"><a href=\"https:\/\/fepada.org\/?p=60452\" rel=\"bookmark\">II JUEGOS PANAMERICANOS JUNIOR ASU 2025 clavados<\/a><\/h2> \n\t\t\t\n\n\t\t\n\t\t\t\t<!-- meta data -->\r\n\t\t<div class=\"post_data\">\r\n\r\n\t\t\t\t\t\t<!-- user -->\r\n\t\t\t<span class=\"icon-user user margin-right20\"><a href=\"https:\/\/fepada.org\/?author=31\" title=\"Entradas de rodrigo\" rel=\"author\">rodrigo<\/a><\/span>\r\n\t\t\t\r\n\t\t\t\t\t\t<!-- categories -->\r\n\t\t\t<span class=\"icon-flow-cascade categories\"><a href=\"https:\/\/fepada.org\/?cat=194\" rel=\"category\">Clavados<\/a>, <a href=\"https:\/\/fepada.org\/?cat=1\" rel=\"category\">Noticia<\/a><\/span>\r\n\t\t\t\r\n\t\t\t\r\n\t\t\t\r\n\t\t<\/div><!-- \/ end div  .post_data -->\r\n\t\n\t<\/div> \n\n<\/article> \n<!-- \/ blog box-->\n<\/div>\n<div class=\"col col-sm-4\">\n \n\n<!-- blog box-->\n<article class=\"loop post-60303 post type-post status-publish format-standard hentry category-aguas-abiertas category-clavados category-informacion category-nado-sincronizado category-natacion category-sin-categoria\" id=\"post-60303\">\n\t\t\n\t\n\t\n\n\t<div class=\"date\"><a href=\"https:\/\/fepada.org\/?p=60303\">07 07UTC junio 07UTC 2025<\/a><\/div> \n\t<div class=\"text entry-content\">\n\n\t\t<!-- blog headline-->\n\t\t<h2 class=\"entry-title\"><a href=\"https:\/\/fepada.org\/?p=60303\" rel=\"bookmark\">Venta de Entradas para los Juegos Panamericanos Junior Asunci\u00f3n 2025<\/a><\/h2> \n\t\t\t\n\n\t\t<p>La Federaci\u00f3n Paraguaya de Deportes Acu\u00e1ticos se complace en informar que, a partir de hoy, se encuentran disponibles las entradas para asistir a las competencias de los Juegos Panamericanos Junior Asunci\u00f3n 2025. Los boletos podr\u00e1n adquirirse de forma exclusiva a trav\u00e9s de la plataforma Tutti, ingresando al siguiente enlace: www.tuti.com.py\/ASU2025. En dicho sitio, cada persona [&hellip;]<\/p>\n\n\t\t\t\t<!-- meta data -->\r\n\t\t<div class=\"post_data\">\r\n\r\n\t\t\t\t\t\t<!-- user -->\r\n\t\t\t<span class=\"icon-user user margin-right20\"><a href=\"https:\/\/fepada.org\/?author=31\" title=\"Entradas de rodrigo\" rel=\"author\">rodrigo<\/a><\/span>\r\n\t\t\t\r\n\t\t\t\t\t\t<!-- categories -->\r\n\t\t\t<span class=\"icon-flow-cascade categories\"><a href=\"https:\/\/fepada.org\/?cat=322\" rel=\"category\">Aguas Abiertas<\/a>, <a href=\"https:\/\/fepada.org\/?cat=194\" rel=\"category\">Clavados<\/a>, <a href=\"https:\/\/fepada.org\/?cat=88\" rel=\"category\">Informaci\u00f3n<\/a>, <a href=\"https:\/\/fepada.org\/?cat=193\" rel=\"category\">Nado Sincronizado<\/a>, <a href=\"https:\/\/fepada.org\/?cat=191\" rel=\"category\">Nataci\u00f3n<\/a>, <a href=\"https:\/\/fepada.org\/?cat=1\" rel=\"category\">Noticia<\/a><\/span>\r\n\t\t\t\r\n\t\t\t\r\n\t\t\t\r\n\t\t<\/div><!-- \/ end div  .post_data -->\r\n\t\n\t<\/div> \n\n<\/article> \n<!-- \/ blog box-->\n<\/div>\n<\/div>\n<div class=\"row clearfix\">\n<div class=\"col col-sm-4\">\n \n\n<!-- blog box-->\n<article class=\"loop post-60413 post type-post status-publish format-standard hentry category-aguas-abiertas category-clavados category-informacion category-natacion category-sin-categoria category-polo-acuatico\" id=\"post-60413\">\n\t\t\n\t\n\t\n\n\t<div class=\"date\"><a href=\"https:\/\/fepada.org\/?p=60413\">22 22UTC marzo 22UTC 2025<\/a><\/div> \n\t<div class=\"text entry-content\">\n\n\t\t<!-- blog headline-->\n\t\t<h2 class=\"entry-title\"><a href=\"https:\/\/fepada.org\/?p=60413\" rel=\"bookmark\">CONVOCATORIA A ASAMBLEA 2024<\/a><\/h2> \n\t\t\t\n\n\t\tCONVOCATORIA A ASAMBLEA 2024\n\t\t\t\t<!-- meta data -->\r\n\t\t<div class=\"post_data\">\r\n\r\n\t\t\t\t\t\t<!-- user -->\r\n\t\t\t<span class=\"icon-user user margin-right20\"><a href=\"https:\/\/fepada.org\/?author=31\" title=\"Entradas de rodrigo\" rel=\"author\">rodrigo<\/a><\/span>\r\n\t\t\t\r\n\t\t\t\t\t\t<!-- categories -->\r\n\t\t\t<span class=\"icon-flow-cascade categories\"><a href=\"https:\/\/fepada.org\/?cat=322\" rel=\"category\">Aguas Abiertas<\/a>, <a href=\"https:\/\/fepada.org\/?cat=194\" rel=\"category\">Clavados<\/a>, <a href=\"https:\/\/fepada.org\/?cat=88\" rel=\"category\">Informaci\u00f3n<\/a>, <a href=\"https:\/\/fepada.org\/?cat=191\" rel=\"category\">Nataci\u00f3n<\/a>, <a href=\"https:\/\/fepada.org\/?cat=1\" rel=\"category\">Noticia<\/a>, <a href=\"https:\/\/fepada.org\/?cat=192\" rel=\"category\">Polo Acu\u00e1tico<\/a><\/span>\r\n\t\t\t\r\n\t\t\t\r\n\t\t\t\r\n\t\t<\/div><!-- \/ end div  .post_data -->\r\n\t\n\t<\/div> \n\n<\/article> \n<!-- \/ blog box-->\n<\/div>\n<div class=\"col col-sm-4\">\n \n\n<!-- blog box-->\n<article class=\"loop post-60262 post type-post status-publish format-standard hentry category-clavados category-informacion category-nado-sincronizado category-natacion category-polo-acuatico\" id=\"post-60262\">\n\t\t\n\t\n\t\n\n\t<div class=\"date\"><a href=\"https:\/\/fepada.org\/?p=60262\">19 19UTC marzo 19UTC 2025<\/a><\/div> \n\t<div class=\"text entry-content\">\n\n\t\t<!-- blog headline-->\n\t\t<h2 class=\"entry-title\"><a href=\"https:\/\/fepada.org\/?p=60262\" rel=\"bookmark\">Clinicas presenciales en Medellin 2025<\/a><\/h2> \n\t\t\t\n\n\t\t<p>(El mensaje en espa\u00f1ol sigue m\u00e1s abajo)\u00a0\u00a0 During the PanAm Aquatics Championships in Medellin there will be 5 clinics for coaches, athletes and all athletes support staff.\u00a0 &nbsp; &nbsp; Diving:\u00a0 &nbsp; &nbsp; &nbsp; &nbsp; Bridging land and water: Dry-land training and Its impact on Diving with\u00a0Omar Ojeda &nbsp; &nbsp; &nbsp; &nbsp; 5 sessions May 12-16 [&hellip;]<\/p>\n\n\t\t\t\t<!-- meta data -->\r\n\t\t<div class=\"post_data\">\r\n\r\n\t\t\t\t\t\t<!-- user -->\r\n\t\t\t<span class=\"icon-user user margin-right20\"><a href=\"https:\/\/fepada.org\/?author=31\" title=\"Entradas de rodrigo\" rel=\"author\">rodrigo<\/a><\/span>\r\n\t\t\t\r\n\t\t\t\t\t\t<!-- categories -->\r\n\t\t\t<span class=\"icon-flow-cascade categories\"><a href=\"https:\/\/fepada.org\/?cat=194\" rel=\"category\">Clavados<\/a>, <a href=\"https:\/\/fepada.org\/?cat=88\" rel=\"category\">Informaci\u00f3n<\/a>, <a href=\"https:\/\/fepada.org\/?cat=193\" rel=\"category\">Nado Sincronizado<\/a>, <a href=\"https:\/\/fepada.org\/?cat=191\" rel=\"category\">Nataci\u00f3n<\/a>, <a href=\"https:\/\/fepada.org\/?cat=192\" rel=\"category\">Polo Acu\u00e1tico<\/a><\/span>\r\n\t\t\t\r\n\t\t\t\r\n\t\t\t\r\n\t\t<\/div><!-- \/ end div  .post_data -->\r\n\t\n\t<\/div> \n\n<\/article> \n<!-- \/ blog box-->\n<\/div>\n<div class=\"col col-sm-4\">\n \n\n<!-- blog box-->\n<article class=\"loop post-60169 post type-post status-publish format-standard hentry category-aguas-abiertas category-clavados category-formacion category-informacion category-nado-sincronizado category-natacion category-sin-categoria category-polo-acuatico\" id=\"post-60169\">\n\t\t\n\t\n\t\n\n\t<div class=\"date\"><a href=\"https:\/\/fepada.org\/?p=60169\">14 14UTC enero 14UTC 2025<\/a><\/div> \n\t<div class=\"text entry-content\">\n\n\t\t<!-- blog headline-->\n\t\t<h2 class=\"entry-title\"><a href=\"https:\/\/fepada.org\/?p=60169\" rel=\"bookmark\">CLINICAS PANAM AQUATICS 2025<\/a><\/h2> \n\t\t\t\n\n\t\t<p>(El mensaje en espa\u00f1ol sigue m\u00e1s abajo) \u00a0 Virtual Clinics for Coaches, Technical Officials, National Federation Leadership, and Athletes: \u00a0 Poolside Dialogue for Coaches and Athletes Click here to register \u00a0 January 14 at 7:00 pm ET All disciplines:\u00a0\u00abFueling for a day of training\u00bb with Erica Beine from Beine Wellness Building \u00a0 January 19 (time [&hellip;]<\/p>\n\n\t\t\t\t<!-- meta data -->\r\n\t\t<div class=\"post_data\">\r\n\r\n\t\t\t\t\t\t<!-- user -->\r\n\t\t\t<span class=\"icon-user user margin-right20\"><a href=\"https:\/\/fepada.org\/?author=31\" title=\"Entradas de rodrigo\" rel=\"author\">rodrigo<\/a><\/span>\r\n\t\t\t\r\n\t\t\t\t\t\t<!-- categories -->\r\n\t\t\t<span class=\"icon-flow-cascade categories\"><a href=\"https:\/\/fepada.org\/?cat=322\" rel=\"category\">Aguas Abiertas<\/a>, <a href=\"https:\/\/fepada.org\/?cat=194\" rel=\"category\">Clavados<\/a>, <a href=\"https:\/\/fepada.org\/?cat=189\" rel=\"category\">Formaci\u00f3n<\/a>, <a href=\"https:\/\/fepada.org\/?cat=88\" rel=\"category\">Informaci\u00f3n<\/a>, <a href=\"https:\/\/fepada.org\/?cat=193\" rel=\"category\">Nado Sincronizado<\/a>, <a href=\"https:\/\/fepada.org\/?cat=191\" rel=\"category\">Nataci\u00f3n<\/a>, <a href=\"https:\/\/fepada.org\/?cat=1\" rel=\"category\">Noticia<\/a>, <a href=\"https:\/\/fepada.org\/?cat=192\" rel=\"category\">Polo Acu\u00e1tico<\/a><\/span>\r\n\t\t\t\r\n\t\t\t\r\n\t\t\t\r\n\t\t<\/div><!-- \/ end div  .post_data -->\r\n\t\n\t<\/div> \n\n<\/article> \n<!-- \/ blog box-->\n<\/div>\n<\/div>\n<div class=\"row clearfix\">\n<div class=\"col col-sm-4\">\n \n\n<!-- blog box-->\n<article class=\"loop post-60171 post type-post status-publish format-standard hentry category-aguas-abiertas category-clavados category-informacion category-natacion category-sin-categoria category-polo-acuatico\" id=\"post-60171\">\n\t\t\n\t\n\t\n\n\t<div class=\"date\"><a href=\"https:\/\/fepada.org\/?p=60171\">26 26UTC diciembre 26UTC 2024<\/a><\/div> \n\t<div class=\"text entry-content\">\n\n\t\t<!-- blog headline-->\n\t\t<h2 class=\"entry-title\"><a href=\"https:\/\/fepada.org\/?p=60171\" rel=\"bookmark\">Lista de prohibiciones actualizada para el 2025 por la\u00a0Agencia Mundial Antidopaje.<\/a><\/h2> \n\t\t\t\n\n\t\t<p>Lista de prohibiciones actualizada para el 2025 por la\u00a0Agencia Mundial Antidopaje.<\/p>\n\n\t\t\t\t<!-- meta data -->\r\n\t\t<div class=\"post_data\">\r\n\r\n\t\t\t\t\t\t<!-- user -->\r\n\t\t\t<span class=\"icon-user user margin-right20\"><a href=\"https:\/\/fepada.org\/?author=31\" title=\"Entradas de rodrigo\" rel=\"author\">rodrigo<\/a><\/span>\r\n\t\t\t\r\n\t\t\t\t\t\t<!-- categories -->\r\n\t\t\t<span class=\"icon-flow-cascade categories\"><a href=\"https:\/\/fepada.org\/?cat=322\" rel=\"category\">Aguas Abiertas<\/a>, <a href=\"https:\/\/fepada.org\/?cat=194\" rel=\"category\">Clavados<\/a>, <a href=\"https:\/\/fepada.org\/?cat=88\" rel=\"category\">Informaci\u00f3n<\/a>, <a href=\"https:\/\/fepada.org\/?cat=191\" rel=\"category\">Nataci\u00f3n<\/a>, <a href=\"https:\/\/fepada.org\/?cat=1\" rel=\"category\">Noticia<\/a>, <a href=\"https:\/\/fepada.org\/?cat=192\" rel=\"category\">Polo Acu\u00e1tico<\/a><\/span>\r\n\t\t\t\r\n\t\t\t\r\n\t\t\t\r\n\t\t<\/div><!-- \/ end div  .post_data -->\r\n\t\n\t<\/div> \n\n<\/article> \n<!-- \/ blog box-->\n<\/div>\n<div class=\"col col-sm-4\">\n \n\n<!-- blog box-->\n<article class=\"loop post-60166 post type-post status-publish format-standard hentry category-clavados category-formacion category-natacion category-polo-acuatico\" id=\"post-60166\">\n\t\t\n\t\n\t\n\n\t<div class=\"date\"><a href=\"https:\/\/fepada.org\/?p=60166\">11 11UTC noviembre 11UTC 2024<\/a><\/div> \n\t<div class=\"text entry-content\">\n\n\t\t<!-- blog headline-->\n\t\t<h2 class=\"entry-title\"><a href=\"https:\/\/fepada.org\/?p=60166\" rel=\"bookmark\">virtual Coaches Clinics for SW AS WP<\/a><\/h2> \n\t\t\t\n\n\t\t<p>(El mensaje en espa\u00f1ol sigue m\u00e1s abajo) \u00a0 Supported by World Aquatics, PanAm Aquatics announces the following 4 virtual clinics scheduled for the month of November: \u00a0 Swimming: November 15 at 2:00 pm ET\u00a0&amp; 16\u00a0at 10:00 am ET\u00a0(Miami time) Click here to learn more about the clinic titled the\u00a0\u00abHungarian Program\u00bb\u00a0with Peter Szajer, PhD\u00a0and here to [&hellip;]<\/p>\n\n\t\t\t\t<!-- meta data -->\r\n\t\t<div class=\"post_data\">\r\n\r\n\t\t\t\t\t\t<!-- user -->\r\n\t\t\t<span class=\"icon-user user margin-right20\"><a href=\"https:\/\/fepada.org\/?author=31\" title=\"Entradas de rodrigo\" rel=\"author\">rodrigo<\/a><\/span>\r\n\t\t\t\r\n\t\t\t\t\t\t<!-- categories -->\r\n\t\t\t<span class=\"icon-flow-cascade categories\"><a href=\"https:\/\/fepada.org\/?cat=194\" rel=\"category\">Clavados<\/a>, <a href=\"https:\/\/fepada.org\/?cat=189\" rel=\"category\">Formaci\u00f3n<\/a>, <a href=\"https:\/\/fepada.org\/?cat=191\" rel=\"category\">Nataci\u00f3n<\/a>, <a href=\"https:\/\/fepada.org\/?cat=192\" rel=\"category\">Polo Acu\u00e1tico<\/a><\/span>\r\n\t\t\t\r\n\t\t\t\r\n\t\t\t\r\n\t\t<\/div><!-- \/ end div  .post_data -->\r\n\t\n\t<\/div> \n\n<\/article> \n<!-- \/ blog box-->\n<\/div>\n<div class=\"col col-sm-4\">\n \n\n<!-- blog box-->\n<article class=\"loop post-60164 post type-post status-publish format-standard hentry category-clavados category-formacion category-natacion category-polo-acuatico\" id=\"post-60164\">\n\t\t\n\t\n\t\n\n\t<div class=\"date\"><a href=\"https:\/\/fepada.org\/?p=60164\">11 11UTC noviembre 11UTC 2024<\/a><\/div> \n\t<div class=\"text entry-content\">\n\n\t\t<!-- blog headline-->\n\t\t<h2 class=\"entry-title\"><a href=\"https:\/\/fepada.org\/?p=60164\" rel=\"bookmark\">Clinicas virtuales para entrenadores &#8211; Nataci\u00f3n &#8211; Polo Acu\u00e0tico &#8211; Nataci\u00f2n Art\u00ecstica<\/a><\/h2> \n\t\t\t\n\n\t\t<p>Buenas tardes, Con el apoyo de\u00a0World Aquatics y PanAm Aquatics se\u00a0anuncia la realizaci\u00f3n de 4 cl\u00ednicas virtuales, programadas para el mes de noviembre, en las modalidades de\u00a0nataci\u00f3n, polo acu\u00e1tico y\u00a0 nataci\u00f3n art\u00edstica Los datos para la inscripci\u00f3n\u00a0se encuentran a continuaci\u00f3n, Natacion: 15 de noviembre a las 2:00 p. m., hora del Este, y 16 de [&hellip;]<\/p>\n\n\t\t\t\t<!-- meta data -->\r\n\t\t<div class=\"post_data\">\r\n\r\n\t\t\t\t\t\t<!-- user -->\r\n\t\t\t<span class=\"icon-user user margin-right20\"><a href=\"https:\/\/fepada.org\/?author=31\" title=\"Entradas de rodrigo\" rel=\"author\">rodrigo<\/a><\/span>\r\n\t\t\t\r\n\t\t\t\t\t\t<!-- categories -->\r\n\t\t\t<span class=\"icon-flow-cascade categories\"><a href=\"https:\/\/fepada.org\/?cat=194\" rel=\"category\">Clavados<\/a>, <a href=\"https:\/\/fepada.org\/?cat=189\" rel=\"category\">Formaci\u00f3n<\/a>, <a href=\"https:\/\/fepada.org\/?cat=191\" rel=\"category\">Nataci\u00f3n<\/a>, <a href=\"https:\/\/fepada.org\/?cat=192\" rel=\"category\">Polo Acu\u00e1tico<\/a><\/span>\r\n\t\t\t\r\n\t\t\t\r\n\t\t\t\r\n\t\t<\/div><!-- \/ end div  .post_data -->\r\n\t\n\t<\/div> \n\n<\/article> \n<!-- \/ blog box-->\n<\/div>\n<\/div>\n<div class=\"row clearfix\">\n<div class=\"col col-sm-4\">\n \n\n<!-- blog box-->\n<article class=\"loop post-60116 post type-post status-publish format-standard hentry category-aguas-abiertas category-clavados category-informacion category-nado-sincronizado category-natacion category-sin-categoria category-polo-acuatico\" id=\"post-60116\">\n\t\t\n\t\n\t\n\n\t<div class=\"date\"><a href=\"https:\/\/fepada.org\/?p=60116\">28 28UTC agosto 28UTC 2024<\/a><\/div> \n\t<div class=\"text entry-content\">\n\n\t\t<!-- blog headline-->\n\t\t<h2 class=\"entry-title\"><a href=\"https:\/\/fepada.org\/?p=60116\" rel=\"bookmark\">INICIO OBRA DEL PROYECTO CENTRO ACUATICO OLIMPICO<\/a><\/h2> \n\t\t\t\n\n\t\t\n\t\t\t\t<!-- meta data -->\r\n\t\t<div class=\"post_data\">\r\n\r\n\t\t\t\t\t\t<!-- user -->\r\n\t\t\t<span class=\"icon-user user margin-right20\"><a href=\"https:\/\/fepada.org\/?author=31\" title=\"Entradas de rodrigo\" rel=\"author\">rodrigo<\/a><\/span>\r\n\t\t\t\r\n\t\t\t\t\t\t<!-- categories -->\r\n\t\t\t<span class=\"icon-flow-cascade categories\"><a href=\"https:\/\/fepada.org\/?cat=322\" rel=\"category\">Aguas Abiertas<\/a>, <a href=\"https:\/\/fepada.org\/?cat=194\" rel=\"category\">Clavados<\/a>, <a href=\"https:\/\/fepada.org\/?cat=88\" rel=\"category\">Informaci\u00f3n<\/a>, <a href=\"https:\/\/fepada.org\/?cat=193\" rel=\"category\">Nado Sincronizado<\/a>, <a href=\"https:\/\/fepada.org\/?cat=191\" rel=\"category\">Nataci\u00f3n<\/a>, <a href=\"https:\/\/fepada.org\/?cat=1\" rel=\"category\">Noticia<\/a>, <a href=\"https:\/\/fepada.org\/?cat=192\" rel=\"category\">Polo Acu\u00e1tico<\/a><\/span>\r\n\t\t\t\r\n\t\t\t\r\n\t\t\t\r\n\t\t<\/div><!-- \/ end div  .post_data -->\r\n\t\n\t<\/div> \n\n<\/article> \n<!-- \/ blog box-->\n<\/div>\n<\/div>\n<\/div>\n<div class=\"paging_wrapper margin-t30 margin-b30\"><ul class='page-numbers'>\n\t<li><span aria-current=\"page\" class=\"page-numbers current\">1<\/span><\/li>\n\t<li><a class=\"page-numbers\" href=\"https:\/\/fepada.org\/index.php\/?paged=2&#038;rest_route=%2Fwp%2Fv2%2Fpages%2F51510\">2<\/a><\/li>\n\t<li><a class=\"next page-numbers\" href=\"https:\/\/fepada.org\/index.php\/?paged=2&#038;rest_route=%2Fwp%2Fv2%2Fpages%2F51510\"><span class=\"icon-angle-right\"><\/span><\/a><\/li>\n<\/ul>\n<\/div>[\/vc_column][\/vc_row]<\/p>","protected":false},"excerpt":{"rendered":"<p>[vc_row rt_row_background_width=\u00bbdefault\u00bb rt_row_style=\u00bbdefault-style\u00bb rt_row_borders=\u00bb\u00bb rt_row_paddings=\u00bbtrue\u00bb rt_bg_effect=\u00bbclassic\u00bb rt_bg_image_repeat=\u00bbrepeat\u00bb rt_bg_size=\u00bbcover\u00bb rt_bg_position=\u00bbright top\u00bb rt_bg_attachment=\u00bbscroll\u00bb rt_bg_video_format=\u00bbself-hosted\u00bb][vc_column width=\u00bb1\/4&#8243; rt_wrp_col_paddings=\u00bbfalse\u00bb rt_border_top=\u00bb\u00bb rt_border_bottom=\u00bb\u00bb rt_border_left=\u00bb\u00bb rt_border_right=\u00bb\u00bb rt_border_top_mobile=\u00bb\u00bb rt_border_bottom_mobile=\u00bb\u00bb rt_border_left_mobile=\u00bb\u00bb rt_border_right_mobile=\u00bb\u00bb rt_bg_image_repeat=\u00bbrepeat\u00bb rt_bg_size=\u00bbauto auto\u00bb rt_bg_position=\u00bbright top\u00bb rt_bg_attachment=\u00bbscroll\u00bb][vc_single_image image=\u00bb51486&#8243; img_size=\u00bbfull\u00bb][\/vc_column][vc_column width=\u00bb3\/4&#8243; rt_wrp_col_paddings=\u00bbfalse\u00bb rt_border_top=\u00bb\u00bb rt_border_bottom=\u00bb\u00bb rt_border_left=\u00bb\u00bb rt_border_right=\u00bb\u00bb rt_border_top_mobile=\u00bb\u00bb rt_border_bottom_mobile=\u00bb\u00bb rt_border_left_mobile=\u00bb\u00bb rt_border_right_mobile=\u00bb\u00bb rt_bg_image_repeat=\u00bbrepeat\u00bb rt_bg_size=\u00bbauto auto\u00bb rt_bg_position=\u00bbright top\u00bb rt_bg_attachment=\u00bbscroll\u00bb][vc_column_text]La nataci\u00f3n se basa en la flotabilidad natural del cuerpo [&hellip;]<\/p>\n","protected":false},"author":28,"featured_media":0,"parent":462,"menu_order":4,"comment_status":"closed","ping_status":"closed","template":"","meta":{"_acf_changed":false,"footnotes":""},"class_list":["post-51510","page","type-page","status-publish","hentry"],"acf":[],"_links":{"self":[{"href":"https:\/\/fepada.org\/index.php?rest_route=\/wp\/v2\/pages\/51510","targetHints":{"allow":["GET"]}}],"collection":[{"href":"https:\/\/fepada.org\/index.php?rest_route=\/wp\/v2\/pages"}],"about":[{"href":"https:\/\/fepada.org\/index.php?rest_route=\/wp\/v2\/types\/page"}],"author":[{"embeddable":true,"href":"https:\/\/fepada.org\/index.php?rest_route=\/wp\/v2\/users\/28"}],"replies":[{"embeddable":true,"href":"https:\/\/fepada.org\/index.php?rest_route=%2Fwp%2Fv2%2Fcomments&post=51510"}],"version-history":[{"count":2,"href":"https:\/\/fepada.org\/index.php?rest_route=\/wp\/v2\/pages\/51510\/revisions"}],"predecessor-version":[{"id":51706,"href":"https:\/\/fepada.org\/index.php?rest_route=\/wp\/v2\/pages\/51510\/revisions\/51706"}],"up":[{"embeddable":true,"href":"https:\/\/fepada.org\/index.php?rest_route=\/wp\/v2\/pages\/462"}],"wp:attachment":[{"href":"https:\/\/fepada.org\/index.php?rest_route=%2Fwp%2Fv2%2Fmedia&parent=51510"}],"curies":[{"name":"wp","href":"https:\/\/api.w.org\/{rel}","templated":true}]}}