{"id":51485,"date":"2018-05-05T01:00:19","date_gmt":"2018-05-05T05:00:19","guid":{"rendered":"http:\/\/fepada.org\/?page_id=51485"},"modified":"2018-05-09T21:07:49","modified_gmt":"2018-05-10T01:07:49","slug":"natacion","status":"publish","type":"page","link":"https:\/\/fepada.org\/?page_id=51485","title":{"rendered":"Nataci\u00f3n"},"content":{"rendered":"<p>[vc_row rt_row_background_width=\u00bbdefault\u00bb rt_row_style=\u00bbdefault-style\u00bb rt_row_borders=\u00bb\u00bb rt_row_paddings=\u00bbtrue\u00bb rt_bg_effect=\u00bbclassic\u00bb rt_bg_image_repeat=\u00bbrepeat\u00bb rt_bg_size=\u00bbcover\u00bb rt_bg_position=\u00bbright top\u00bb rt_bg_attachment=\u00bbscroll\u00bb rt_bg_video_format=\u00bbself-hosted\u00bb][vc_column width=\u00bb1\/4&#8243; rt_wrp_col_paddings=\u00bbfalse\u00bb rt_border_top=\u00bb\u00bb rt_border_bottom=\u00bb\u00bb rt_border_left=\u00bb\u00bb rt_border_right=\u00bb\u00bb rt_border_top_mobile=\u00bb\u00bb rt_border_bottom_mobile=\u00bb\u00bb rt_border_left_mobile=\u00bb\u00bb rt_border_right_mobile=\u00bb\u00bb rt_bg_image_repeat=\u00bbrepeat\u00bb rt_bg_size=\u00bbauto auto\u00bb rt_bg_position=\u00bbright top\u00bb rt_bg_attachment=\u00bbscroll\u00bb][vc_single_image image=\u00bb51486&#8243; img_size=\u00bbfull\u00bb][\/vc_column][vc_column width=\u00bb3\/4&#8243; rt_wrp_col_paddings=\u00bbfalse\u00bb rt_border_top=\u00bb\u00bb rt_border_bottom=\u00bb\u00bb rt_border_left=\u00bb\u00bb rt_border_right=\u00bb\u00bb rt_border_top_mobile=\u00bb\u00bb rt_border_bottom_mobile=\u00bb\u00bb rt_border_left_mobile=\u00bb\u00bb rt_border_right_mobile=\u00bb\u00bb rt_bg_image_repeat=\u00bbrepeat\u00bb rt_bg_size=\u00bbauto auto\u00bb rt_bg_position=\u00bbright top\u00bb rt_bg_attachment=\u00bbscroll\u00bb][vc_column_text]La nataci\u00f3n se basa en la flotabilidad natural del cuerpo humano. En promedio, el cuerpo tiene una densidad relativa de 0,98 en comparaci\u00f3n con el agua, que hace que el cuerpo flote. Sin embargo, la flotabilidad var\u00eda en funci\u00f3n de la composici\u00f3n corporal y la salinidad del agua. Niveles m\u00e1s altos de densidad del cuerpo o agua m\u00e1s salada con un cuerpo de densidad menor hace que aumente su flotabilidad.<\/p>\n<p>Puesto que el cuerpo humano solo es ligeramente menos denso que el agua, el agua soporta el peso del cuerpo durante la nataci\u00f3n. Como resultado, la nataci\u00f3n es un \u00abimpacto bajo\u00bb en comparaci\u00f3n con las actividades que se pueden realizar en tierra como correr. La densidad y la viscosidad del agua tambi\u00e9n crean resistencia para objetos que se mueven a trav\u00e9s del agua. Los movimientos que el cuerpo debe hacer para nadar aprovechan esta resistencia para crear propulsi\u00f3n, pero esta misma resistencia tambi\u00e9n genera resistencia en el cuerpo.<\/p>\n<p>La hidrodin\u00e1mica es una importante t\u00e9cnica para nadar m\u00e1s r\u00e1pido, es utilizado por nadadores que quieren nadar m\u00e1s r\u00e1pido o reducir la fricci\u00f3n del movimiento del cuerpo a trav\u00e9s del agua. Para ser m\u00e1s hidrodin\u00e1mico, los nadadores pueden aumentar la potencia de sus golpes, o reducir la resistencia al agua, aunque la energ\u00eda debe aumentar por un factor de tres para lograr el mismo efecto que reducir resistencia.<sup id=\"cite_ref-Laughlin_7-0\" class=\"reference separada\"><a href=\"https:\/\/es.wikipedia.org\/wiki\/Nataci%C3%B3n#cite_note-Laughlin-7\">7<\/a><\/sup>\u200b La nataci\u00f3n eficiente se puede lograr reduciendo la resistencia al agua, consiste en una posici\u00f3n horizontal en el agua, balanceo del cuerpo para reducir la amplitud del cuerpo en el agua y extendiendo los brazos tanto como sea posible para reducir la resistencia de onda.<\/p>\n<p>Justo antes de sumergirse en la alberca, los nadadores pueden realizar ejercicios tales como cuclillas. Ponerse en cuclillas ayuda a mejorar la salida de un nadador por calentamiento de los m\u00fasculos del muslo.<sup id=\"cite_ref-8\" class=\"reference separada\"><a href=\"https:\/\/es.wikipedia.org\/wiki\/Nataci%C3%B3n#cite_note-8\">8<\/a><\/sup>[\/vc_column_text][\/vc_column][\/vc_row][vc_row rt_row_background_width=\u00bbdefault\u00bb rt_row_style=\u00bbdefault-style\u00bb rt_row_borders=\u00bb\u00bb rt_row_paddings=\u00bbtrue\u00bb rt_bg_effect=\u00bbclassic\u00bb rt_bg_image_repeat=\u00bbrepeat\u00bb rt_bg_size=\u00bbcover\u00bb rt_bg_position=\u00bbright top\u00bb rt_bg_attachment=\u00bbscroll\u00bb rt_bg_video_format=\u00bbself-hosted\u00bb][vc_column rt_wrp_col_paddings=\u00bbfalse\u00bb rt_border_top=\u00bb\u00bb rt_border_bottom=\u00bb\u00bb rt_border_left=\u00bb\u00bb rt_border_right=\u00bb\u00bb rt_border_top_mobile=\u00bb\u00bb rt_border_bottom_mobile=\u00bb\u00bb rt_border_left_mobile=\u00bb\u00bb rt_border_right_mobile=\u00bb\u00bb rt_bg_image_repeat=\u00bbrepeat\u00bb rt_bg_size=\u00bbauto auto\u00bb rt_bg_position=\u00bbright top\u00bb rt_bg_attachment=\u00bbscroll\u00bb]\n<div id=\"blog-dynamicID-900670\" class=\"blog_list clearfix border_grid fixed_heights\" data-column-width=\"3\">\n<div class=\"row clearfix\">\n<div class=\"col col-sm-4\">\n \n\n<!-- blog box-->\n<article class=\"loop post-60528 post type-post status-publish format-standard hentry category-informacion category-natacion category-sin-categoria\" id=\"post-60528\">\n\t\t\n\t\n\t\n\n\t<div class=\"date\"><a href=\"https:\/\/fepada.org\/?p=60528\">07 07UTC enero 07UTC 2026<\/a><\/div> \n\t<div class=\"text entry-content\">\n\n\t\t<!-- blog headline-->\n\t\t<h2 class=\"entry-title\"><a href=\"https:\/\/fepada.org\/?p=60528\" rel=\"bookmark\">INVITACION TORNEO NACIONAL DE ESCUELAS 2026<\/a><\/h2> \n\t\t\t\n\n\t\t<p>&nbsp; DESCARGUE LA INVITACION AQUI<\/p>\n\n\t\t\t\t<!-- meta data -->\r\n\t\t<div class=\"post_data\">\r\n\r\n\t\t\t\t\t\t<!-- user -->\r\n\t\t\t<span class=\"icon-user user margin-right20\"><a href=\"https:\/\/fepada.org\/?author=31\" title=\"Entradas de rodrigo\" rel=\"author\">rodrigo<\/a><\/span>\r\n\t\t\t\r\n\t\t\t\t\t\t<!-- categories -->\r\n\t\t\t<span class=\"icon-flow-cascade categories\"><a href=\"https:\/\/fepada.org\/?cat=88\" rel=\"category\">Informaci\u00f3n<\/a>, <a href=\"https:\/\/fepada.org\/?cat=191\" rel=\"category\">Nataci\u00f3n<\/a>, <a href=\"https:\/\/fepada.org\/?cat=1\" rel=\"category\">Noticia<\/a><\/span>\r\n\t\t\t\r\n\t\t\t\r\n\t\t\t\r\n\t\t<\/div><!-- \/ end div  .post_data -->\r\n\t\n\t<\/div> \n\n<\/article> \n<!-- \/ blog box-->\n<\/div>\n<div class=\"col col-sm-4\">\n \n\n<!-- blog box-->\n<article class=\"loop post-60519 post type-post status-publish format-standard hentry category-formacion category-informacion category-natacion category-sin-categoria\" id=\"post-60519\">\n\t\t\n\t\n\t\n\n\t<div class=\"date\"><a href=\"https:\/\/fepada.org\/?p=60519\">29 29UTC octubre 29UTC 2025<\/a><\/div> \n\t<div class=\"text entry-content\">\n\n\t\t<!-- blog headline-->\n\t\t<h2 class=\"entry-title\"><a href=\"https:\/\/fepada.org\/?p=60519\" rel=\"bookmark\">SUSTANCIAS PROHIBIDAS 2026<\/a><\/h2> \n\t\t\t\n\n\t\t<p>DESCARGUE LA LISTA AQUI<\/p>\n\n\t\t\t\t<!-- meta data -->\r\n\t\t<div class=\"post_data\">\r\n\r\n\t\t\t\t\t\t<!-- user -->\r\n\t\t\t<span class=\"icon-user user margin-right20\"><a href=\"https:\/\/fepada.org\/?author=31\" title=\"Entradas de rodrigo\" rel=\"author\">rodrigo<\/a><\/span>\r\n\t\t\t\r\n\t\t\t\t\t\t<!-- categories -->\r\n\t\t\t<span class=\"icon-flow-cascade categories\"><a href=\"https:\/\/fepada.org\/?cat=189\" rel=\"category\">Formaci\u00f3n<\/a>, <a href=\"https:\/\/fepada.org\/?cat=88\" rel=\"category\">Informaci\u00f3n<\/a>, <a href=\"https:\/\/fepada.org\/?cat=191\" rel=\"category\">Nataci\u00f3n<\/a>, <a href=\"https:\/\/fepada.org\/?cat=1\" rel=\"category\">Noticia<\/a><\/span>\r\n\t\t\t\r\n\t\t\t\r\n\t\t\t\r\n\t\t<\/div><!-- \/ end div  .post_data -->\r\n\t\n\t<\/div> \n\n<\/article> \n<!-- \/ blog box-->\n<\/div>\n<div class=\"col col-sm-4\">\n \n\n<!-- blog box-->\n<article class=\"loop post-60507 post type-post status-publish format-standard hentry category-formacion category-natacion\" id=\"post-60507\">\n\t\t\n\t\n\t\n\n\t<div class=\"date\"><a href=\"https:\/\/fepada.org\/?p=60507\">11 11UTC octubre 11UTC 2025<\/a><\/div> \n\t<div class=\"text entry-content\">\n\n\t\t<!-- blog headline-->\n\t\t<h2 class=\"entry-title\"><a href=\"https:\/\/fepada.org\/?p=60507\" rel=\"bookmark\">CLINICA DE ENTRENADORES DE NATACION DE PANAM AQUATICS<\/a><\/h2> \n\t\t\t\n\n\t\t<p>Buenas tardes, PanAm Aquatics llevar\u00e1 a cabo cl\u00ednicas de entrenadores virtual con el apoyo de World Aquatics (AQUA). Los datos para la inscripci\u00f3n\u00a0se encuentran a continuaci\u00f3n, &nbsp; PanAm Aquatics llevar\u00e1 a cabo una cl\u00ednica de entrenadores virtual con el apoyo de World Aquatics (AQUA). &nbsp; NUEVA Cl\u00ednica de SW Base de datos para la detecci\u00f3n [&hellip;]<\/p>\n\n\t\t\t\t<!-- meta data -->\r\n\t\t<div class=\"post_data\">\r\n\r\n\t\t\t\t\t\t<!-- user -->\r\n\t\t\t<span class=\"icon-user user margin-right20\"><a href=\"https:\/\/fepada.org\/?author=31\" title=\"Entradas de rodrigo\" rel=\"author\">rodrigo<\/a><\/span>\r\n\t\t\t\r\n\t\t\t\t\t\t<!-- categories -->\r\n\t\t\t<span class=\"icon-flow-cascade categories\"><a href=\"https:\/\/fepada.org\/?cat=189\" rel=\"category\">Formaci\u00f3n<\/a>, <a href=\"https:\/\/fepada.org\/?cat=191\" rel=\"category\">Nataci\u00f3n<\/a><\/span>\r\n\t\t\t\r\n\t\t\t\r\n\t\t\t\r\n\t\t<\/div><!-- \/ end div  .post_data -->\r\n\t\n\t<\/div> \n\n<\/article> \n<!-- \/ blog box-->\n<\/div>\n<\/div>\n<div class=\"row clearfix\">\n<div class=\"col col-sm-4\">\n \n\n<!-- blog box-->\n<article class=\"loop post-60437 post type-post status-publish format-standard hentry category-natacion category-sin-categoria\" id=\"post-60437\">\n\t\t\n\t\n\t\n\n\t<div class=\"date\"><a href=\"https:\/\/fepada.org\/?p=60437\">27 27UTC agosto 27UTC 2025<\/a><\/div> \n\t<div class=\"text entry-content\">\n\n\t\t<!-- blog headline-->\n\t\t<h2 class=\"entry-title\"><a href=\"https:\/\/fepada.org\/?p=60437\" rel=\"bookmark\">III TORNEO INTERCOLEGIAL DE NATACI\u00d3N &#8211; CAMBIO DE FECHA<\/a><\/h2> \n\t\t\t\n\n\t\tCONVOCATORIA III INTERCOLEGIAL 2025_ACTUALIZACION DE FECHA\n\t\t\t\t<!-- meta data -->\r\n\t\t<div class=\"post_data\">\r\n\r\n\t\t\t\t\t\t<!-- user -->\r\n\t\t\t<span class=\"icon-user user margin-right20\"><a href=\"https:\/\/fepada.org\/?author=31\" title=\"Entradas de rodrigo\" rel=\"author\">rodrigo<\/a><\/span>\r\n\t\t\t\r\n\t\t\t\t\t\t<!-- categories -->\r\n\t\t\t<span class=\"icon-flow-cascade categories\"><a href=\"https:\/\/fepada.org\/?cat=191\" rel=\"category\">Nataci\u00f3n<\/a>, <a href=\"https:\/\/fepada.org\/?cat=1\" rel=\"category\">Noticia<\/a><\/span>\r\n\t\t\t\r\n\t\t\t\r\n\t\t\t\r\n\t\t<\/div><!-- \/ end div  .post_data -->\r\n\t\n\t<\/div> \n\n<\/article> \n<!-- \/ blog box-->\n<\/div>\n<div class=\"col col-sm-4\">\n \n\n<!-- blog box-->\n<article class=\"loop post-60458 post type-post status-publish format-standard hentry category-natacion category-sin-categoria\" id=\"post-60458\">\n\t\t\n\t\n\t\n\n\t<div class=\"date\"><a href=\"https:\/\/fepada.org\/?p=60458\">25 25UTC agosto 25UTC 2025<\/a><\/div> \n\t<div class=\"text entry-content\">\n\n\t\t<!-- blog headline-->\n\t\t<h2 class=\"entry-title\"><a href=\"https:\/\/fepada.org\/?p=60458\" rel=\"bookmark\">Convocatoria al XXXI Campeonato Sudamericano Juvenil de nataci\u00f3n<\/a><\/h2> \n\t\t\t\n\n\t\tMEMO_CLASIFICADOS_SUDAMERICANO_JUVENIL_NATACION_BRASIL_2025\n\t\t\t\t<!-- meta data -->\r\n\t\t<div class=\"post_data\">\r\n\r\n\t\t\t\t\t\t<!-- user -->\r\n\t\t\t<span class=\"icon-user user margin-right20\"><a href=\"https:\/\/fepada.org\/?author=31\" title=\"Entradas de rodrigo\" rel=\"author\">rodrigo<\/a><\/span>\r\n\t\t\t\r\n\t\t\t\t\t\t<!-- categories -->\r\n\t\t\t<span class=\"icon-flow-cascade categories\"><a href=\"https:\/\/fepada.org\/?cat=191\" rel=\"category\">Nataci\u00f3n<\/a>, <a href=\"https:\/\/fepada.org\/?cat=1\" rel=\"category\">Noticia<\/a><\/span>\r\n\t\t\t\r\n\t\t\t\r\n\t\t\t\r\n\t\t<\/div><!-- \/ end div  .post_data -->\r\n\t\n\t<\/div> \n\n<\/article> \n<!-- \/ blog box-->\n<\/div>\n<div class=\"col col-sm-4\">\n \n\n<!-- blog box-->\n<article class=\"loop post-60421 post type-post status-publish format-standard hentry category-aguas-abiertas category-informacion category-natacion category-sin-categoria\" id=\"post-60421\">\n\t\t\n\t\n\t\n\n\t<div class=\"date\"><a href=\"https:\/\/fepada.org\/?p=60421\">20 20UTC agosto 20UTC 2025<\/a><\/div> \n\t<div class=\"text entry-content\">\n\n\t\t<!-- blog headline-->\n\t\t<h2 class=\"entry-title\"><a href=\"https:\/\/fepada.org\/?p=60421\" rel=\"bookmark\">ACTUALIZACION CALENDARIO FEPADA &#8211; SETIEMBRE A DICIEMBRE 2025<\/a><\/h2> \n\t\t\t\n\n\t\t\n\t\t\t\t<!-- meta data -->\r\n\t\t<div class=\"post_data\">\r\n\r\n\t\t\t\t\t\t<!-- user -->\r\n\t\t\t<span class=\"icon-user user margin-right20\"><a href=\"https:\/\/fepada.org\/?author=31\" title=\"Entradas de rodrigo\" rel=\"author\">rodrigo<\/a><\/span>\r\n\t\t\t\r\n\t\t\t\t\t\t<!-- categories -->\r\n\t\t\t<span class=\"icon-flow-cascade categories\"><a href=\"https:\/\/fepada.org\/?cat=322\" rel=\"category\">Aguas Abiertas<\/a>, <a href=\"https:\/\/fepada.org\/?cat=88\" rel=\"category\">Informaci\u00f3n<\/a>, <a href=\"https:\/\/fepada.org\/?cat=191\" rel=\"category\">Nataci\u00f3n<\/a>, <a href=\"https:\/\/fepada.org\/?cat=1\" rel=\"category\">Noticia<\/a><\/span>\r\n\t\t\t\r\n\t\t\t\r\n\t\t\t\r\n\t\t<\/div><!-- \/ end div  .post_data -->\r\n\t\n\t<\/div> \n\n<\/article> \n<!-- \/ blog box-->\n<\/div>\n<\/div>\n<div class=\"row clearfix\">\n<div class=\"col col-sm-4\">\n \n\n<!-- blog box-->\n<article class=\"loop post-60488 post type-post status-publish format-standard hentry category-natacion category-resultados\" id=\"post-60488\">\n\t\t\n\t\n\t\n\n\t<div class=\"date\"><a href=\"https:\/\/fepada.org\/?p=60488\">15 15UTC agosto 15UTC 2025<\/a><\/div> \n\t<div class=\"text entry-content\">\n\n\t\t<!-- blog headline-->\n\t\t<h2 class=\"entry-title\"><a href=\"https:\/\/fepada.org\/?p=60488\" rel=\"bookmark\">RESULTADOS II JUEGOS PANAMERICANOS JUNIOR ASU 2025<\/a><\/h2> \n\t\t\t\n\n\t\tresults complete prelims asu2025 results complete finals asu2025\n\t\t\t\t<!-- meta data -->\r\n\t\t<div class=\"post_data\">\r\n\r\n\t\t\t\t\t\t<!-- user -->\r\n\t\t\t<span class=\"icon-user user margin-right20\"><a href=\"https:\/\/fepada.org\/?author=31\" title=\"Entradas de rodrigo\" rel=\"author\">rodrigo<\/a><\/span>\r\n\t\t\t\r\n\t\t\t\t\t\t<!-- categories -->\r\n\t\t\t<span class=\"icon-flow-cascade categories\"><a href=\"https:\/\/fepada.org\/?cat=191\" rel=\"category\">Nataci\u00f3n<\/a>, <a href=\"https:\/\/fepada.org\/?cat=188\" rel=\"category\">Resultados<\/a><\/span>\r\n\t\t\t\r\n\t\t\t\r\n\t\t\t\r\n\t\t<\/div><!-- \/ end div  .post_data -->\r\n\t\n\t<\/div> \n\n<\/article> \n<!-- \/ blog box-->\n<\/div>\n<div class=\"col col-sm-4\">\n \n\n<!-- blog box-->\n<article class=\"loop post-60441 post type-post status-publish format-standard hentry category-natacion category-sin-categoria\" id=\"post-60441\">\n\t\t\n\t\n\t\n\n\t<div class=\"date\"><a href=\"https:\/\/fepada.org\/?p=60441\">15 15UTC agosto 15UTC 2025<\/a><\/div> \n\t<div class=\"text entry-content\">\n\n\t\t<!-- blog headline-->\n\t\t<h2 class=\"entry-title\"><a href=\"https:\/\/fepada.org\/?p=60441\" rel=\"bookmark\">II JUEGOS PANAMERICANOS JUNIOR ASU 2025 NAT<\/a><\/h2> \n\t\t\t\n\n\t\t\n\t\t\t\t<!-- meta data -->\r\n\t\t<div class=\"post_data\">\r\n\r\n\t\t\t\t\t\t<!-- user -->\r\n\t\t\t<span class=\"icon-user user margin-right20\"><a href=\"https:\/\/fepada.org\/?author=31\" title=\"Entradas de rodrigo\" rel=\"author\">rodrigo<\/a><\/span>\r\n\t\t\t\r\n\t\t\t\t\t\t<!-- categories -->\r\n\t\t\t<span class=\"icon-flow-cascade categories\"><a href=\"https:\/\/fepada.org\/?cat=191\" rel=\"category\">Nataci\u00f3n<\/a>, <a href=\"https:\/\/fepada.org\/?cat=1\" rel=\"category\">Noticia<\/a><\/span>\r\n\t\t\t\r\n\t\t\t\r\n\t\t\t\r\n\t\t<\/div><!-- \/ end div  .post_data -->\r\n\t\n\t<\/div> \n\n<\/article> \n<!-- \/ blog box-->\n<\/div>\n<div class=\"col col-sm-4\">\n \n\n<!-- blog box-->\n<article class=\"loop post-60439 post type-post status-publish format-standard hentry category-natacion category-sin-categoria\" id=\"post-60439\">\n\t\t\n\t\n\t\n\n\t<div class=\"date\"><a href=\"https:\/\/fepada.org\/?p=60439\">15 15UTC agosto 15UTC 2025<\/a><\/div> \n\t<div class=\"text entry-content\">\n\n\t\t<!-- blog headline-->\n\t\t<h2 class=\"entry-title\"><a href=\"https:\/\/fepada.org\/?p=60439\" rel=\"bookmark\">II JUEGOS PANAMERICANOS JUNIOR ASU 2025<\/a><\/h2> \n\t\t\t\n\n\t\t\n\t\t\t\t<!-- meta data -->\r\n\t\t<div class=\"post_data\">\r\n\r\n\t\t\t\t\t\t<!-- user -->\r\n\t\t\t<span class=\"icon-user user margin-right20\"><a href=\"https:\/\/fepada.org\/?author=31\" title=\"Entradas de rodrigo\" rel=\"author\">rodrigo<\/a><\/span>\r\n\t\t\t\r\n\t\t\t\t\t\t<!-- categories -->\r\n\t\t\t<span class=\"icon-flow-cascade categories\"><a href=\"https:\/\/fepada.org\/?cat=191\" rel=\"category\">Nataci\u00f3n<\/a>, <a href=\"https:\/\/fepada.org\/?cat=1\" rel=\"category\">Noticia<\/a><\/span>\r\n\t\t\t\r\n\t\t\t\r\n\t\t\t\r\n\t\t<\/div><!-- \/ end div  .post_data -->\r\n\t\n\t<\/div> \n\n<\/article> \n<!-- \/ blog box-->\n<\/div>\n<\/div>\n<div class=\"row clearfix\">\n<div class=\"col col-sm-4\">\n \n\n<!-- blog box-->\n<article class=\"loop post-60425 post type-post status-publish format-standard hentry category-natacion category-sin-categoria\" id=\"post-60425\">\n\t\t\n\t\n\t\n\n\t<div class=\"date\"><a href=\"https:\/\/fepada.org\/?p=60425\">06 06UTC agosto 06UTC 2025<\/a><\/div> \n\t<div class=\"text entry-content\">\n\n\t\t<!-- blog headline-->\n\t\t<h2 class=\"entry-title\"><a href=\"https:\/\/fepada.org\/?p=60425\" rel=\"bookmark\">Convocatoria XLVI Campeonato Sudamericano de Nataci\u00f3n &#8211; CONSANAT, Cali, Colombia<\/a><\/h2> \n\t\t\t\n\n\t\tConvocatoria XLVI Campeonato Sudamericano de Nataci\u00f3n (1)\n\t\t\t\t<!-- meta data -->\r\n\t\t<div class=\"post_data\">\r\n\r\n\t\t\t\t\t\t<!-- user -->\r\n\t\t\t<span class=\"icon-user user margin-right20\"><a href=\"https:\/\/fepada.org\/?author=31\" title=\"Entradas de rodrigo\" rel=\"author\">rodrigo<\/a><\/span>\r\n\t\t\t\r\n\t\t\t\t\t\t<!-- categories -->\r\n\t\t\t<span class=\"icon-flow-cascade categories\"><a href=\"https:\/\/fepada.org\/?cat=191\" rel=\"category\">Nataci\u00f3n<\/a>, <a href=\"https:\/\/fepada.org\/?cat=1\" rel=\"category\">Noticia<\/a><\/span>\r\n\t\t\t\r\n\t\t\t\r\n\t\t\t\r\n\t\t<\/div><!-- \/ end div  .post_data -->\r\n\t\n\t<\/div> \n\n<\/article> \n<!-- \/ blog box-->\n<\/div>\n<\/div>\n<\/div>\n<div class=\"paging_wrapper margin-t30 margin-b30\"><ul class='page-numbers'>\n\t<li><span aria-current=\"page\" class=\"page-numbers current\">1<\/span><\/li>\n\t<li><a class=\"page-numbers\" href=\"https:\/\/fepada.org\/index.php\/?paged=2&#038;rest_route=%2Fwp%2Fv2%2Fpages%2F51485\">2<\/a><\/li>\n\t<li><a class=\"page-numbers\" href=\"https:\/\/fepada.org\/index.php\/?paged=3&#038;rest_route=%2Fwp%2Fv2%2Fpages%2F51485\">3<\/a><\/li>\n\t<li><span class=\"page-numbers dots\">&hellip;<\/span><\/li>\n\t<li><a class=\"page-numbers\" href=\"https:\/\/fepada.org\/index.php\/?paged=9&#038;rest_route=%2Fwp%2Fv2%2Fpages%2F51485\">9<\/a><\/li>\n\t<li><a class=\"next page-numbers\" href=\"https:\/\/fepada.org\/index.php\/?paged=2&#038;rest_route=%2Fwp%2Fv2%2Fpages%2F51485\"><span class=\"icon-angle-right\"><\/span><\/a><\/li>\n<\/ul>\n<\/div>[\/vc_column][\/vc_row]<\/p>","protected":false},"excerpt":{"rendered":"<p>[vc_row rt_row_background_width=\u00bbdefault\u00bb rt_row_style=\u00bbdefault-style\u00bb rt_row_borders=\u00bb\u00bb rt_row_paddings=\u00bbtrue\u00bb rt_bg_effect=\u00bbclassic\u00bb rt_bg_image_repeat=\u00bbrepeat\u00bb rt_bg_size=\u00bbcover\u00bb rt_bg_position=\u00bbright top\u00bb rt_bg_attachment=\u00bbscroll\u00bb rt_bg_video_format=\u00bbself-hosted\u00bb][vc_column width=\u00bb1\/4&#8243; rt_wrp_col_paddings=\u00bbfalse\u00bb rt_border_top=\u00bb\u00bb rt_border_bottom=\u00bb\u00bb rt_border_left=\u00bb\u00bb rt_border_right=\u00bb\u00bb rt_border_top_mobile=\u00bb\u00bb rt_border_bottom_mobile=\u00bb\u00bb rt_border_left_mobile=\u00bb\u00bb rt_border_right_mobile=\u00bb\u00bb rt_bg_image_repeat=\u00bbrepeat\u00bb rt_bg_size=\u00bbauto auto\u00bb rt_bg_position=\u00bbright top\u00bb rt_bg_attachment=\u00bbscroll\u00bb][vc_single_image image=\u00bb51486&#8243; img_size=\u00bbfull\u00bb][\/vc_column][vc_column width=\u00bb3\/4&#8243; rt_wrp_col_paddings=\u00bbfalse\u00bb rt_border_top=\u00bb\u00bb rt_border_bottom=\u00bb\u00bb rt_border_left=\u00bb\u00bb rt_border_right=\u00bb\u00bb rt_border_top_mobile=\u00bb\u00bb rt_border_bottom_mobile=\u00bb\u00bb rt_border_left_mobile=\u00bb\u00bb rt_border_right_mobile=\u00bb\u00bb rt_bg_image_repeat=\u00bbrepeat\u00bb rt_bg_size=\u00bbauto auto\u00bb rt_bg_position=\u00bbright top\u00bb rt_bg_attachment=\u00bbscroll\u00bb][vc_column_text]La nataci\u00f3n se basa en la flotabilidad natural del cuerpo [&hellip;]<\/p>\n","protected":false},"author":28,"featured_media":0,"parent":462,"menu_order":9,"comment_status":"closed","ping_status":"closed","template":"","meta":{"_acf_changed":false,"footnotes":""},"class_list":["post-51485","page","type-page","status-publish","hentry"],"acf":[],"_links":{"self":[{"href":"https:\/\/fepada.org\/index.php?rest_route=\/wp\/v2\/pages\/51485","targetHints":{"allow":["GET"]}}],"collection":[{"href":"https:\/\/fepada.org\/index.php?rest_route=\/wp\/v2\/pages"}],"about":[{"href":"https:\/\/fepada.org\/index.php?rest_route=\/wp\/v2\/types\/page"}],"author":[{"embeddable":true,"href":"https:\/\/fepada.org\/index.php?rest_route=\/wp\/v2\/users\/28"}],"replies":[{"embeddable":true,"href":"https:\/\/fepada.org\/index.php?rest_route=%2Fwp%2Fv2%2Fcomments&post=51485"}],"version-history":[{"count":3,"href":"https:\/\/fepada.org\/index.php?rest_route=\/wp\/v2\/pages\/51485\/revisions"}],"predecessor-version":[{"id":51707,"href":"https:\/\/fepada.org\/index.php?rest_route=\/wp\/v2\/pages\/51485\/revisions\/51707"}],"up":[{"embeddable":true,"href":"https:\/\/fepada.org\/index.php?rest_route=\/wp\/v2\/pages\/462"}],"wp:attachment":[{"href":"https:\/\/fepada.org\/index.php?rest_route=%2Fwp%2Fv2%2Fmedia&parent=51485"}],"curies":[{"name":"wp","href":"https:\/\/api.w.org\/{rel}","templated":true}]}}