{"id":51453,"date":"2018-05-04T18:05:34","date_gmt":"2018-05-04T22:05:34","guid":{"rendered":"http:\/\/fepada.org\/?page_id=51453"},"modified":"2018-05-09T21:10:59","modified_gmt":"2018-05-10T01:10:59","slug":"aguas-abiertas","status":"publish","type":"page","link":"https:\/\/fepada.org\/?page_id=51453","title":{"rendered":"Aguas Abiertas"},"content":{"rendered":"<p>[vc_row rt_row_background_width=\u00bbdefault\u00bb rt_row_style=\u00bbdefault-style\u00bb rt_row_borders=\u00bb\u00bb rt_row_paddings=\u00bbtrue\u00bb rt_bg_effect=\u00bbclassic\u00bb rt_bg_image_repeat=\u00bbrepeat\u00bb rt_bg_size=\u00bbcover\u00bb rt_bg_position=\u00bbright top\u00bb rt_bg_attachment=\u00bbscroll\u00bb rt_bg_video_format=\u00bbself-hosted\u00bb][vc_column width=\u00bb1\/4&#8243; rt_wrp_col_paddings=\u00bbfalse\u00bb rt_border_top=\u00bb\u00bb rt_border_bottom=\u00bb\u00bb rt_border_left=\u00bb\u00bb rt_border_right=\u00bb\u00bb rt_border_top_mobile=\u00bb\u00bb rt_border_bottom_mobile=\u00bb\u00bb rt_border_left_mobile=\u00bb\u00bb rt_border_right_mobile=\u00bb\u00bb rt_bg_image_repeat=\u00bbrepeat\u00bb rt_bg_size=\u00bbauto auto\u00bb rt_bg_position=\u00bbright top\u00bb rt_bg_attachment=\u00bbscroll\u00bb][vc_single_image image=\u00bb51486&#8243; img_size=\u00bbfull\u00bb][\/vc_column][vc_column width=\u00bb3\/4&#8243; rt_wrp_col_paddings=\u00bbfalse\u00bb rt_border_top=\u00bb\u00bb rt_border_bottom=\u00bb\u00bb rt_border_left=\u00bb\u00bb rt_border_right=\u00bb\u00bb rt_border_top_mobile=\u00bb\u00bb rt_border_bottom_mobile=\u00bb\u00bb rt_border_left_mobile=\u00bb\u00bb rt_border_right_mobile=\u00bb\u00bb rt_bg_image_repeat=\u00bbrepeat\u00bb rt_bg_size=\u00bbauto auto\u00bb rt_bg_position=\u00bbright top\u00bb rt_bg_attachment=\u00bbscroll\u00bb][vc_column_text]La\u00a0<b>nataci\u00f3n en aguas abiertas<\/b>\u00a0es una disciplina de\u00a0<a title=\"Nataci\u00f3n\" href=\"https:\/\/es.wikipedia.org\/wiki\/Nataci%C3%B3n\">nataci\u00f3n<\/a>\u00a0que consiste en nadar en lugares abiertos como el\u00a0<a title=\"Mar\" href=\"https:\/\/es.wikipedia.org\/wiki\/Mar\">mar<\/a>,\u00a0<a title=\"Lago\" href=\"https:\/\/es.wikipedia.org\/wiki\/Lago\">lagos<\/a>\u00a0o\u00a0<a title=\"R\u00edo\" href=\"https:\/\/es.wikipedia.org\/wiki\/R%C3%ADo\">r\u00edos<\/a>\u00a0en vez de hacerlo en una\u00a0<a title=\"Piscina\" href=\"https:\/\/es.wikipedia.org\/wiki\/Piscina\">piscina<\/a>.<\/p>\n<p>En la primera edici\u00f3n de los\u00a0<a title=\"Juegos Ol\u00edmpicos\" href=\"https:\/\/es.wikipedia.org\/wiki\/Juegos_Ol%C3%ADmpicos\">Juegos Ol\u00edmpicos modernos<\/a>\u00a0en\u00a0<a title=\"1896\" href=\"https:\/\/es.wikipedia.org\/wiki\/1896\">1896<\/a>, la competici\u00f3n de nataci\u00f3n se realiz\u00f3 en aguas abiertas. La primera competici\u00f3n de nataci\u00f3n en los\u00a0<a title=\"Juegos Ol\u00edmpicos\" href=\"https:\/\/es.wikipedia.org\/wiki\/Juegos_Ol%C3%ADmpicos\">Juegos Ol\u00edmpicos<\/a>\u00a0de aguas abiertas tuvo lugar en\u00a0<a title=\"Pek\u00edn\" href=\"https:\/\/es.wikipedia.org\/wiki\/Pek%C3%ADn\">Pek\u00edn<\/a>\u00a0<a title=\"2008\" href=\"https:\/\/es.wikipedia.org\/wiki\/2008\">2008<\/a>y se recorri\u00f3 una distancia de 10 km. Los campeonatos del mundo\u00a0<a class=\"mw-redirect\" title=\"FINA\" href=\"https:\/\/es.wikipedia.org\/wiki\/FINA\">FINA<\/a>\u00a0son competiciones de 5, 10 y 25\u00a0<a class=\"mw-redirect\" title=\"Kil\u00f3metros\" href=\"https:\/\/es.wikipedia.org\/wiki\/Kil%C3%B3metros\">kil\u00f3metros<\/a>.[\/vc_column_text][\/vc_column][\/vc_row][vc_row rt_row_background_width=\u00bbdefault\u00bb rt_row_style=\u00bbdefault-style\u00bb rt_row_borders=\u00bb\u00bb rt_row_paddings=\u00bbtrue\u00bb rt_bg_effect=\u00bbclassic\u00bb rt_bg_image_repeat=\u00bbrepeat\u00bb rt_bg_size=\u00bbcover\u00bb rt_bg_position=\u00bbright top\u00bb rt_bg_attachment=\u00bbscroll\u00bb rt_bg_video_format=\u00bbself-hosted\u00bb][vc_column rt_wrp_col_paddings=\u00bbfalse\u00bb rt_border_top=\u00bb\u00bb rt_border_bottom=\u00bb\u00bb rt_border_left=\u00bb\u00bb rt_border_right=\u00bb\u00bb rt_border_top_mobile=\u00bb\u00bb rt_border_bottom_mobile=\u00bb\u00bb rt_border_left_mobile=\u00bb\u00bb rt_border_right_mobile=\u00bb\u00bb rt_bg_image_repeat=\u00bbrepeat\u00bb rt_bg_size=\u00bbauto auto\u00bb rt_bg_position=\u00bbright top\u00bb rt_bg_attachment=\u00bbscroll\u00bb]\n<div id=\"blog-dynamicID-387793\" class=\"blog_list clearfix border_grid fixed_heights\" data-column-width=\"3\">\n<div class=\"row clearfix\">\n<div class=\"col col-sm-4\">\n \n\n<!-- blog box-->\n<article class=\"loop post-60454 post type-post status-publish format-standard hentry category-aguas-abiertas category-sin-categoria\" id=\"post-60454\">\n\t\t\n\t\n\t\n\n\t<div class=\"date\"><a href=\"https:\/\/fepada.org\/?p=60454\">25 25UTC agosto 25UTC 2025<\/a><\/div> \n\t<div class=\"text entry-content\">\n\n\t\t<!-- blog headline-->\n\t\t<h2 class=\"entry-title\"><a href=\"https:\/\/fepada.org\/?p=60454\" rel=\"bookmark\">Convocatoria XIII Campeonato Sudamericano Juvenil de aguas abiertas<\/a><\/h2> \n\t\t\t\n\n\t\tMEMO_CLASIFICADOS_SUDAMERICANO_JUVENIL_AGUAS_ABIERTAS_BRASIL_2025\n\t\t\t\t<!-- meta data -->\r\n\t\t<div class=\"post_data\">\r\n\r\n\t\t\t\t\t\t<!-- user -->\r\n\t\t\t<span class=\"icon-user user margin-right20\"><a href=\"https:\/\/fepada.org\/?author=31\" title=\"Entradas de rodrigo\" rel=\"author\">rodrigo<\/a><\/span>\r\n\t\t\t\r\n\t\t\t\t\t\t<!-- categories -->\r\n\t\t\t<span class=\"icon-flow-cascade categories\"><a href=\"https:\/\/fepada.org\/?cat=322\" rel=\"category\">Aguas Abiertas<\/a>, <a href=\"https:\/\/fepada.org\/?cat=1\" rel=\"category\">Noticia<\/a><\/span>\r\n\t\t\t\r\n\t\t\t\r\n\t\t\t\r\n\t\t<\/div><!-- \/ end div  .post_data -->\r\n\t\n\t<\/div> \n\n<\/article> \n<!-- \/ blog box-->\n<\/div>\n<div class=\"col col-sm-4\">\n \n\n<!-- blog box-->\n<article class=\"loop post-60421 post type-post status-publish format-standard hentry category-aguas-abiertas category-informacion category-natacion category-sin-categoria\" id=\"post-60421\">\n\t\t\n\t\n\t\n\n\t<div class=\"date\"><a href=\"https:\/\/fepada.org\/?p=60421\">20 20UTC agosto 20UTC 2025<\/a><\/div> \n\t<div class=\"text entry-content\">\n\n\t\t<!-- blog headline-->\n\t\t<h2 class=\"entry-title\"><a href=\"https:\/\/fepada.org\/?p=60421\" rel=\"bookmark\">ACTUALIZACION CALENDARIO FEPADA &#8211; SETIEMBRE A DICIEMBRE 2025<\/a><\/h2> \n\t\t\t\n\n\t\t\n\t\t\t\t<!-- meta data -->\r\n\t\t<div class=\"post_data\">\r\n\r\n\t\t\t\t\t\t<!-- user -->\r\n\t\t\t<span class=\"icon-user user margin-right20\"><a href=\"https:\/\/fepada.org\/?author=31\" title=\"Entradas de rodrigo\" rel=\"author\">rodrigo<\/a><\/span>\r\n\t\t\t\r\n\t\t\t\t\t\t<!-- categories -->\r\n\t\t\t<span class=\"icon-flow-cascade categories\"><a href=\"https:\/\/fepada.org\/?cat=322\" rel=\"category\">Aguas Abiertas<\/a>, <a href=\"https:\/\/fepada.org\/?cat=88\" rel=\"category\">Informaci\u00f3n<\/a>, <a href=\"https:\/\/fepada.org\/?cat=191\" rel=\"category\">Nataci\u00f3n<\/a>, <a href=\"https:\/\/fepada.org\/?cat=1\" rel=\"category\">Noticia<\/a><\/span>\r\n\t\t\t\r\n\t\t\t\r\n\t\t\t\r\n\t\t<\/div><!-- \/ end div  .post_data -->\r\n\t\n\t<\/div> \n\n<\/article> \n<!-- \/ blog box-->\n<\/div>\n<div class=\"col col-sm-4\">\n \n\n<!-- blog box-->\n<article class=\"loop post-60303 post type-post status-publish format-standard hentry category-aguas-abiertas category-clavados category-informacion category-nado-sincronizado category-natacion category-sin-categoria\" id=\"post-60303\">\n\t\t\n\t\n\t\n\n\t<div class=\"date\"><a href=\"https:\/\/fepada.org\/?p=60303\">07 07UTC junio 07UTC 2025<\/a><\/div> \n\t<div class=\"text entry-content\">\n\n\t\t<!-- blog headline-->\n\t\t<h2 class=\"entry-title\"><a href=\"https:\/\/fepada.org\/?p=60303\" rel=\"bookmark\">Venta de Entradas para los Juegos Panamericanos Junior Asunci\u00f3n 2025<\/a><\/h2> \n\t\t\t\n\n\t\t<p>La Federaci\u00f3n Paraguaya de Deportes Acu\u00e1ticos se complace en informar que, a partir de hoy, se encuentran disponibles las entradas para asistir a las competencias de los Juegos Panamericanos Junior Asunci\u00f3n 2025. Los boletos podr\u00e1n adquirirse de forma exclusiva a trav\u00e9s de la plataforma Tutti, ingresando al siguiente enlace: www.tuti.com.py\/ASU2025. En dicho sitio, cada persona [&hellip;]<\/p>\n\n\t\t\t\t<!-- meta data -->\r\n\t\t<div class=\"post_data\">\r\n\r\n\t\t\t\t\t\t<!-- user -->\r\n\t\t\t<span class=\"icon-user user margin-right20\"><a href=\"https:\/\/fepada.org\/?author=31\" title=\"Entradas de rodrigo\" rel=\"author\">rodrigo<\/a><\/span>\r\n\t\t\t\r\n\t\t\t\t\t\t<!-- categories -->\r\n\t\t\t<span class=\"icon-flow-cascade categories\"><a href=\"https:\/\/fepada.org\/?cat=322\" rel=\"category\">Aguas Abiertas<\/a>, <a href=\"https:\/\/fepada.org\/?cat=194\" rel=\"category\">Clavados<\/a>, <a href=\"https:\/\/fepada.org\/?cat=88\" rel=\"category\">Informaci\u00f3n<\/a>, <a href=\"https:\/\/fepada.org\/?cat=193\" rel=\"category\">Nado Sincronizado<\/a>, <a href=\"https:\/\/fepada.org\/?cat=191\" rel=\"category\">Nataci\u00f3n<\/a>, <a href=\"https:\/\/fepada.org\/?cat=1\" rel=\"category\">Noticia<\/a><\/span>\r\n\t\t\t\r\n\t\t\t\r\n\t\t\t\r\n\t\t<\/div><!-- \/ end div  .post_data -->\r\n\t\n\t<\/div> \n\n<\/article> \n<!-- \/ blog box-->\n<\/div>\n<\/div>\n<div class=\"row clearfix\">\n<div class=\"col col-sm-4\">\n \n\n<!-- blog box-->\n<article class=\"loop post-60427 post type-post status-publish format-standard hentry category-aguas-abiertas category-sin-categoria\" id=\"post-60427\">\n\t\t\n\t\n\t\n\n\t<div class=\"date\"><a href=\"https:\/\/fepada.org\/?p=60427\">04 04UTC junio 04UTC 2025<\/a><\/div> \n\t<div class=\"text entry-content\">\n\n\t\t<!-- blog headline-->\n\t\t<h2 class=\"entry-title\"><a href=\"https:\/\/fepada.org\/?p=60427\" rel=\"bookmark\">Convocatoria &#8211; II Juegos Panamericanos Junior Asunci\u00f3n 2025 &#8211; Aguas abiertas<\/a><\/h2> \n\t\t\t\n\n\t\tConvocatoria los II Juegos Panamericanos Junior Asunci\u00f3n 2025 - AGUAS ABIERTAS\n\t\t\t\t<!-- meta data -->\r\n\t\t<div class=\"post_data\">\r\n\r\n\t\t\t\t\t\t<!-- user -->\r\n\t\t\t<span class=\"icon-user user margin-right20\"><a href=\"https:\/\/fepada.org\/?author=31\" title=\"Entradas de rodrigo\" rel=\"author\">rodrigo<\/a><\/span>\r\n\t\t\t\r\n\t\t\t\t\t\t<!-- categories -->\r\n\t\t\t<span class=\"icon-flow-cascade categories\"><a href=\"https:\/\/fepada.org\/?cat=322\" rel=\"category\">Aguas Abiertas<\/a>, <a href=\"https:\/\/fepada.org\/?cat=1\" rel=\"category\">Noticia<\/a><\/span>\r\n\t\t\t\r\n\t\t\t\r\n\t\t\t\r\n\t\t<\/div><!-- \/ end div  .post_data -->\r\n\t\n\t<\/div> \n\n<\/article> \n<!-- \/ blog box-->\n<\/div>\n<div class=\"col col-sm-4\">\n \n\n<!-- blog box-->\n<article class=\"loop post-60433 post type-post status-publish format-standard hentry category-aguas-abiertas category-sin-categoria\" id=\"post-60433\">\n\t\t\n\t\n\t\n\n\t<div class=\"date\"><a href=\"https:\/\/fepada.org\/?p=60433\">02 02UTC junio 02UTC 2025<\/a><\/div> \n\t<div class=\"text entry-content\">\n\n\t\t<!-- blog headline-->\n\t\t<h2 class=\"entry-title\"><a href=\"https:\/\/fepada.org\/?p=60433\" rel=\"bookmark\">Convocatoria Campeonato Mundial absoluto World Aquatics de Aguas Abiertas<\/a><\/h2> \n\t\t\t\n\n\t\tConvocatoria Campeonato Absoluto aguas abiertas - Singapur 2025\n\t\t\t\t<!-- meta data -->\r\n\t\t<div class=\"post_data\">\r\n\r\n\t\t\t\t\t\t<!-- user -->\r\n\t\t\t<span class=\"icon-user user margin-right20\"><a href=\"https:\/\/fepada.org\/?author=31\" title=\"Entradas de rodrigo\" rel=\"author\">rodrigo<\/a><\/span>\r\n\t\t\t\r\n\t\t\t\t\t\t<!-- categories -->\r\n\t\t\t<span class=\"icon-flow-cascade categories\"><a href=\"https:\/\/fepada.org\/?cat=322\" rel=\"category\">Aguas Abiertas<\/a>, <a href=\"https:\/\/fepada.org\/?cat=1\" rel=\"category\">Noticia<\/a><\/span>\r\n\t\t\t\r\n\t\t\t\r\n\t\t\t\r\n\t\t<\/div><!-- \/ end div  .post_data -->\r\n\t\n\t<\/div> \n\n<\/article> \n<!-- \/ blog box-->\n<\/div>\n<div class=\"col col-sm-4\">\n \n\n<!-- blog box-->\n<article class=\"loop post-60413 post type-post status-publish format-standard hentry category-aguas-abiertas category-clavados category-informacion category-natacion category-sin-categoria category-polo-acuatico\" id=\"post-60413\">\n\t\t\n\t\n\t\n\n\t<div class=\"date\"><a href=\"https:\/\/fepada.org\/?p=60413\">22 22UTC marzo 22UTC 2025<\/a><\/div> \n\t<div class=\"text entry-content\">\n\n\t\t<!-- blog headline-->\n\t\t<h2 class=\"entry-title\"><a href=\"https:\/\/fepada.org\/?p=60413\" rel=\"bookmark\">CONVOCATORIA A ASAMBLEA 2024<\/a><\/h2> \n\t\t\t\n\n\t\tCONVOCATORIA A ASAMBLEA 2024\n\t\t\t\t<!-- meta data -->\r\n\t\t<div class=\"post_data\">\r\n\r\n\t\t\t\t\t\t<!-- user -->\r\n\t\t\t<span class=\"icon-user user margin-right20\"><a href=\"https:\/\/fepada.org\/?author=31\" title=\"Entradas de rodrigo\" rel=\"author\">rodrigo<\/a><\/span>\r\n\t\t\t\r\n\t\t\t\t\t\t<!-- categories -->\r\n\t\t\t<span class=\"icon-flow-cascade categories\"><a href=\"https:\/\/fepada.org\/?cat=322\" rel=\"category\">Aguas Abiertas<\/a>, <a href=\"https:\/\/fepada.org\/?cat=194\" rel=\"category\">Clavados<\/a>, <a href=\"https:\/\/fepada.org\/?cat=88\" rel=\"category\">Informaci\u00f3n<\/a>, <a href=\"https:\/\/fepada.org\/?cat=191\" rel=\"category\">Nataci\u00f3n<\/a>, <a href=\"https:\/\/fepada.org\/?cat=1\" rel=\"category\">Noticia<\/a>, <a href=\"https:\/\/fepada.org\/?cat=192\" rel=\"category\">Polo Acu\u00e1tico<\/a><\/span>\r\n\t\t\t\r\n\t\t\t\r\n\t\t\t\r\n\t\t<\/div><!-- \/ end div  .post_data -->\r\n\t\n\t<\/div> \n\n<\/article> \n<!-- \/ blog box-->\n<\/div>\n<\/div>\n<div class=\"row clearfix\">\n<div class=\"col col-sm-4\">\n \n\n<!-- blog box-->\n<article class=\"loop post-60169 post type-post status-publish format-standard hentry category-aguas-abiertas category-clavados category-formacion category-informacion category-nado-sincronizado category-natacion category-sin-categoria category-polo-acuatico\" id=\"post-60169\">\n\t\t\n\t\n\t\n\n\t<div class=\"date\"><a href=\"https:\/\/fepada.org\/?p=60169\">14 14UTC enero 14UTC 2025<\/a><\/div> \n\t<div class=\"text entry-content\">\n\n\t\t<!-- blog headline-->\n\t\t<h2 class=\"entry-title\"><a href=\"https:\/\/fepada.org\/?p=60169\" rel=\"bookmark\">CLINICAS PANAM AQUATICS 2025<\/a><\/h2> \n\t\t\t\n\n\t\t<p>(El mensaje en espa\u00f1ol sigue m\u00e1s abajo) \u00a0 Virtual Clinics for Coaches, Technical Officials, National Federation Leadership, and Athletes: \u00a0 Poolside Dialogue for Coaches and Athletes Click here to register \u00a0 January 14 at 7:00 pm ET All disciplines:\u00a0\u00abFueling for a day of training\u00bb with Erica Beine from Beine Wellness Building \u00a0 January 19 (time [&hellip;]<\/p>\n\n\t\t\t\t<!-- meta data -->\r\n\t\t<div class=\"post_data\">\r\n\r\n\t\t\t\t\t\t<!-- user -->\r\n\t\t\t<span class=\"icon-user user margin-right20\"><a href=\"https:\/\/fepada.org\/?author=31\" title=\"Entradas de rodrigo\" rel=\"author\">rodrigo<\/a><\/span>\r\n\t\t\t\r\n\t\t\t\t\t\t<!-- categories -->\r\n\t\t\t<span class=\"icon-flow-cascade categories\"><a href=\"https:\/\/fepada.org\/?cat=322\" rel=\"category\">Aguas Abiertas<\/a>, <a href=\"https:\/\/fepada.org\/?cat=194\" rel=\"category\">Clavados<\/a>, <a href=\"https:\/\/fepada.org\/?cat=189\" rel=\"category\">Formaci\u00f3n<\/a>, <a href=\"https:\/\/fepada.org\/?cat=88\" rel=\"category\">Informaci\u00f3n<\/a>, <a href=\"https:\/\/fepada.org\/?cat=193\" rel=\"category\">Nado Sincronizado<\/a>, <a href=\"https:\/\/fepada.org\/?cat=191\" rel=\"category\">Nataci\u00f3n<\/a>, <a href=\"https:\/\/fepada.org\/?cat=1\" rel=\"category\">Noticia<\/a>, <a href=\"https:\/\/fepada.org\/?cat=192\" rel=\"category\">Polo Acu\u00e1tico<\/a><\/span>\r\n\t\t\t\r\n\t\t\t\r\n\t\t\t\r\n\t\t<\/div><!-- \/ end div  .post_data -->\r\n\t\n\t<\/div> \n\n<\/article> \n<!-- \/ blog box-->\n<\/div>\n<div class=\"col col-sm-4\">\n \n\n<!-- blog box-->\n<article class=\"loop post-60171 post type-post status-publish format-standard hentry category-aguas-abiertas category-clavados category-informacion category-natacion category-sin-categoria category-polo-acuatico\" id=\"post-60171\">\n\t\t\n\t\n\t\n\n\t<div class=\"date\"><a href=\"https:\/\/fepada.org\/?p=60171\">26 26UTC diciembre 26UTC 2024<\/a><\/div> \n\t<div class=\"text entry-content\">\n\n\t\t<!-- blog headline-->\n\t\t<h2 class=\"entry-title\"><a href=\"https:\/\/fepada.org\/?p=60171\" rel=\"bookmark\">Lista de prohibiciones actualizada para el 2025 por la\u00a0Agencia Mundial Antidopaje.<\/a><\/h2> \n\t\t\t\n\n\t\t<p>Lista de prohibiciones actualizada para el 2025 por la\u00a0Agencia Mundial Antidopaje.<\/p>\n\n\t\t\t\t<!-- meta data -->\r\n\t\t<div class=\"post_data\">\r\n\r\n\t\t\t\t\t\t<!-- user -->\r\n\t\t\t<span class=\"icon-user user margin-right20\"><a href=\"https:\/\/fepada.org\/?author=31\" title=\"Entradas de rodrigo\" rel=\"author\">rodrigo<\/a><\/span>\r\n\t\t\t\r\n\t\t\t\t\t\t<!-- categories -->\r\n\t\t\t<span class=\"icon-flow-cascade categories\"><a href=\"https:\/\/fepada.org\/?cat=322\" rel=\"category\">Aguas Abiertas<\/a>, <a href=\"https:\/\/fepada.org\/?cat=194\" rel=\"category\">Clavados<\/a>, <a href=\"https:\/\/fepada.org\/?cat=88\" rel=\"category\">Informaci\u00f3n<\/a>, <a href=\"https:\/\/fepada.org\/?cat=191\" rel=\"category\">Nataci\u00f3n<\/a>, <a href=\"https:\/\/fepada.org\/?cat=1\" rel=\"category\">Noticia<\/a>, <a href=\"https:\/\/fepada.org\/?cat=192\" rel=\"category\">Polo Acu\u00e1tico<\/a><\/span>\r\n\t\t\t\r\n\t\t\t\r\n\t\t\t\r\n\t\t<\/div><!-- \/ end div  .post_data -->\r\n\t\n\t<\/div> \n\n<\/article> \n<!-- \/ blog box-->\n<\/div>\n<div class=\"col col-sm-4\">\n \n\n<!-- blog box-->\n<article class=\"loop post-60123 post type-post status-publish format-standard hentry category-aguas-abiertas category-sin-categoria\" id=\"post-60123\">\n\t\t\n\t\n\t\n\n\t<div class=\"date\"><a href=\"https:\/\/fepada.org\/?p=60123\">24 24UTC septiembre 24UTC 2024<\/a><\/div> \n\t<div class=\"text entry-content\">\n\n\t\t<!-- blog headline-->\n\t\t<h2 class=\"entry-title\"><a href=\"https:\/\/fepada.org\/?p=60123\" rel=\"bookmark\">AGUAS ABIERTAS EN MANAOS<\/a><\/h2> \n\t\t\t\n\n\t\t<p>El Team Paraguay de Aguas Abiertas conformado por Ayelet Battaglia (14 a\u00f1os), Juan Apodaca (15 a\u00f1os) bajo la direcci\u00f3n del Heat Coach Rodrigo Longo, fueron invitados a participar el evento Trofe\u00fa Cidade de Manaus de Aguas Abiertas, Desaf\u00edo Internacional en conmemoraci\u00f3n del Aniversario de la Ciudad, el evento se llev\u00f3 a cabo el 22 de [&hellip;]<\/p>\n\n\t\t\t\t<!-- meta data -->\r\n\t\t<div class=\"post_data\">\r\n\r\n\t\t\t\t\t\t<!-- user -->\r\n\t\t\t<span class=\"icon-user user margin-right20\"><a href=\"https:\/\/fepada.org\/?author=31\" title=\"Entradas de rodrigo\" rel=\"author\">rodrigo<\/a><\/span>\r\n\t\t\t\r\n\t\t\t\t\t\t<!-- categories -->\r\n\t\t\t<span class=\"icon-flow-cascade categories\"><a href=\"https:\/\/fepada.org\/?cat=322\" rel=\"category\">Aguas Abiertas<\/a>, <a href=\"https:\/\/fepada.org\/?cat=1\" rel=\"category\">Noticia<\/a><\/span>\r\n\t\t\t\r\n\t\t\t\r\n\t\t\t\r\n\t\t<\/div><!-- \/ end div  .post_data -->\r\n\t\n\t<\/div> \n\n<\/article> \n<!-- \/ blog box-->\n<\/div>\n<\/div>\n<div class=\"row clearfix\">\n<div class=\"col col-sm-4\">\n \n\n<!-- blog box-->\n<article class=\"loop post-60116 post type-post status-publish format-standard hentry category-aguas-abiertas category-clavados category-informacion category-nado-sincronizado category-natacion category-sin-categoria category-polo-acuatico\" id=\"post-60116\">\n\t\t\n\t\n\t\n\n\t<div class=\"date\"><a href=\"https:\/\/fepada.org\/?p=60116\">28 28UTC agosto 28UTC 2024<\/a><\/div> \n\t<div class=\"text entry-content\">\n\n\t\t<!-- blog headline-->\n\t\t<h2 class=\"entry-title\"><a href=\"https:\/\/fepada.org\/?p=60116\" rel=\"bookmark\">INICIO OBRA DEL PROYECTO CENTRO ACUATICO OLIMPICO<\/a><\/h2> \n\t\t\t\n\n\t\t\n\t\t\t\t<!-- meta data -->\r\n\t\t<div class=\"post_data\">\r\n\r\n\t\t\t\t\t\t<!-- user -->\r\n\t\t\t<span class=\"icon-user user margin-right20\"><a href=\"https:\/\/fepada.org\/?author=31\" title=\"Entradas de rodrigo\" rel=\"author\">rodrigo<\/a><\/span>\r\n\t\t\t\r\n\t\t\t\t\t\t<!-- categories -->\r\n\t\t\t<span class=\"icon-flow-cascade categories\"><a href=\"https:\/\/fepada.org\/?cat=322\" rel=\"category\">Aguas Abiertas<\/a>, <a href=\"https:\/\/fepada.org\/?cat=194\" rel=\"category\">Clavados<\/a>, <a href=\"https:\/\/fepada.org\/?cat=88\" rel=\"category\">Informaci\u00f3n<\/a>, <a href=\"https:\/\/fepada.org\/?cat=193\" rel=\"category\">Nado Sincronizado<\/a>, <a href=\"https:\/\/fepada.org\/?cat=191\" rel=\"category\">Nataci\u00f3n<\/a>, <a href=\"https:\/\/fepada.org\/?cat=1\" rel=\"category\">Noticia<\/a>, <a href=\"https:\/\/fepada.org\/?cat=192\" rel=\"category\">Polo Acu\u00e1tico<\/a><\/span>\r\n\t\t\t\r\n\t\t\t\r\n\t\t\t\r\n\t\t<\/div><!-- \/ end div  .post_data -->\r\n\t\n\t<\/div> \n\n<\/article> \n<!-- \/ blog box-->\n<\/div>\n<\/div>\n<\/div>\n<div class=\"paging_wrapper margin-t30 margin-b30\"><ul class='page-numbers'>\n\t<li><span aria-current=\"page\" class=\"page-numbers current\">1<\/span><\/li>\n\t<li><a class=\"page-numbers\" href=\"https:\/\/fepada.org\/index.php\/?paged=2&#038;rest_route=%2Fwp%2Fv2%2Fpages%2F51453\">2<\/a><\/li>\n\t<li><a class=\"page-numbers\" href=\"https:\/\/fepada.org\/index.php\/?paged=3&#038;rest_route=%2Fwp%2Fv2%2Fpages%2F51453\">3<\/a><\/li>\n\t<li><a class=\"next page-numbers\" href=\"https:\/\/fepada.org\/index.php\/?paged=2&#038;rest_route=%2Fwp%2Fv2%2Fpages%2F51453\"><span class=\"icon-angle-right\"><\/span><\/a><\/li>\n<\/ul>\n<\/div>[\/vc_column][\/vc_row]<\/p>","protected":false},"excerpt":{"rendered":"<p>[vc_row rt_row_background_width=\u00bbdefault\u00bb rt_row_style=\u00bbdefault-style\u00bb rt_row_borders=\u00bb\u00bb rt_row_paddings=\u00bbtrue\u00bb rt_bg_effect=\u00bbclassic\u00bb rt_bg_image_repeat=\u00bbrepeat\u00bb rt_bg_size=\u00bbcover\u00bb rt_bg_position=\u00bbright top\u00bb rt_bg_attachment=\u00bbscroll\u00bb rt_bg_video_format=\u00bbself-hosted\u00bb][vc_column width=\u00bb1\/4&#8243; rt_wrp_col_paddings=\u00bbfalse\u00bb rt_border_top=\u00bb\u00bb rt_border_bottom=\u00bb\u00bb rt_border_left=\u00bb\u00bb rt_border_right=\u00bb\u00bb rt_border_top_mobile=\u00bb\u00bb rt_border_bottom_mobile=\u00bb\u00bb rt_border_left_mobile=\u00bb\u00bb rt_border_right_mobile=\u00bb\u00bb rt_bg_image_repeat=\u00bbrepeat\u00bb rt_bg_size=\u00bbauto auto\u00bb rt_bg_position=\u00bbright top\u00bb rt_bg_attachment=\u00bbscroll\u00bb][vc_single_image image=\u00bb51486&#8243; img_size=\u00bbfull\u00bb][\/vc_column][vc_column width=\u00bb3\/4&#8243; rt_wrp_col_paddings=\u00bbfalse\u00bb rt_border_top=\u00bb\u00bb rt_border_bottom=\u00bb\u00bb rt_border_left=\u00bb\u00bb rt_border_right=\u00bb\u00bb rt_border_top_mobile=\u00bb\u00bb rt_border_bottom_mobile=\u00bb\u00bb rt_border_left_mobile=\u00bb\u00bb rt_border_right_mobile=\u00bb\u00bb rt_bg_image_repeat=\u00bbrepeat\u00bb rt_bg_size=\u00bbauto auto\u00bb rt_bg_position=\u00bbright top\u00bb rt_bg_attachment=\u00bbscroll\u00bb][vc_column_text]La\u00a0nataci\u00f3n en aguas abiertas\u00a0es una disciplina de\u00a0nataci\u00f3n\u00a0que consiste en nadar [&hellip;]<\/p>\n","protected":false},"author":28,"featured_media":0,"parent":462,"menu_order":8,"comment_status":"closed","ping_status":"closed","template":"","meta":{"_acf_changed":false,"footnotes":""},"class_list":["post-51453","page","type-page","status-publish","hentry"],"acf":[],"_links":{"self":[{"href":"https:\/\/fepada.org\/index.php?rest_route=\/wp\/v2\/pages\/51453","targetHints":{"allow":["GET"]}}],"collection":[{"href":"https:\/\/fepada.org\/index.php?rest_route=\/wp\/v2\/pages"}],"about":[{"href":"https:\/\/fepada.org\/index.php?rest_route=\/wp\/v2\/types\/page"}],"author":[{"embeddable":true,"href":"https:\/\/fepada.org\/index.php?rest_route=\/wp\/v2\/users\/28"}],"replies":[{"embeddable":true,"href":"https:\/\/fepada.org\/index.php?rest_route=%2Fwp%2Fv2%2Fcomments&post=51453"}],"version-history":[{"count":6,"href":"https:\/\/fepada.org\/index.php?rest_route=\/wp\/v2\/pages\/51453\/revisions"}],"predecessor-version":[{"id":51708,"href":"https:\/\/fepada.org\/index.php?rest_route=\/wp\/v2\/pages\/51453\/revisions\/51708"}],"up":[{"embeddable":true,"href":"https:\/\/fepada.org\/index.php?rest_route=\/wp\/v2\/pages\/462"}],"wp:attachment":[{"href":"https:\/\/fepada.org\/index.php?rest_route=%2Fwp%2Fv2%2Fmedia&parent=51453"}],"curies":[{"name":"wp","href":"https:\/\/api.w.org\/{rel}","templated":true}]}}