{"id":51405,"date":"2017-11-15T15:11:09","date_gmt":"2017-11-15T19:11:09","guid":{"rendered":"http:\/\/fepada.org\/?page_id=51405"},"modified":"2025-03-10T13:39:34","modified_gmt":"2025-03-10T17:39:34","slug":"cam","status":"publish","type":"page","link":"https:\/\/fepada.org\/?page_id=51405","title":{"rendered":"CAN"},"content":{"rendered":"<p>[vc_row rt_row_background_width=\u00bbdefault\u00bb rt_row_style=\u00bbdefault-style\u00bb rt_row_borders=\u00bb\u00bb rt_row_paddings=\u00bbtrue\u00bb rt_bg_effect=\u00bbclassic\u00bb rt_bg_image_repeat=\u00bbrepeat\u00bb rt_bg_size=\u00bbcover\u00bb rt_bg_position=\u00bbright top\u00bb rt_bg_attachment=\u00bbscroll\u00bb rt_bg_video_format=\u00bbself-hosted\u00bb][vc_column rt_wrp_col_paddings=\u00bbfalse\u00bb rt_border_top=\u00bb\u00bb rt_border_bottom=\u00bb\u00bb rt_border_left=\u00bb\u00bb rt_border_right=\u00bb\u00bb rt_border_top_mobile=\u00bb\u00bb rt_border_bottom_mobile=\u00bb\u00bb rt_border_left_mobile=\u00bb\u00bb rt_border_right_mobile=\u00bb\u00bb rt_bg_image_repeat=\u00bbrepeat\u00bb rt_bg_size=\u00bbauto auto\u00bb rt_bg_position=\u00bbright top\u00bb rt_bg_attachment=\u00bbscroll\u00bb][vc_column_text]<strong>Centro Acu\u00e1tico Nacional<\/strong><\/p>\n<p>Contacto general:\u00a0<a href=\"mailto:mbritez@snd.gov.py\">mbritez@snd.gov.py<\/a><\/p>\n<p><strong>Waterpolo<\/strong><\/p>\n<p>Martes y Jueves<br \/>\n19:30 a 21:00<br \/>\nContactos al 0986-758-991 (Profesor Alexei P\u00e8rez))<\/p>\n<p><strong>Clavados<\/strong><\/p>\n<p>Lunes, miercoles y viernes<br \/>\n9 a 11 horas<\/p>\n<p>12 a 14 horas<\/p>\n<p>Martes y jueves:<\/p>\n<p>12 a 14 horas<br \/>\nContactos al 0992-688-413 (Profesor Jes\u00fas Abali)<\/p>\n<p><strong>Usufructo libre de pileta. (Requisitos)<\/strong><\/p>\n<p>Certificado m\u00e9dico cardiorespiratorio<br \/>\nFotocopia de C\u00e9dula de identidad o pasaporte<br \/>\nFirmar un acta de responsabilidad.<br \/>\nCosto G. 200.000 por mes.<\/p>\n<p><strong>Horarios seg\u00fan disponibilidad<\/strong><\/p>\n<p>Si quieren con profesor los honorarios se negocian con ellos de acuerdo a la cantidad de veces por semana que necesita.<\/p>\n<p><strong>Arancel Preferencial<\/strong><\/p>\n<p>50.000 para afederados que est\u00e9n al d\u00eda con sus obligaciones, sean atletas fichados, en competencia y haber nadado como m\u00ednimo dos competencias en el a\u00f1o.<br \/>\nAtletas de la Selecci\u00f3n: Gratuitos.<\/p>\n<p><strong>Programas Sociales gratuitos de la SND<\/strong><\/p>\n<p><strong>Escuelas de Nataci\u00f3n:<\/strong><\/p>\n<p>Lunes, martes y jueves de 8 a 11<br \/>\nLunes mi\u00e9rcoles y viernes de 13 a 16 horas<\/p>\n<p>Contactos Prof Andr\u00e9s Britez- Cel. 0993-599-813 (turno ma\u00f1ana)<\/p>\n<p>Prof. Gloria Valiente-Cel 0981175366[\/vc_column_text][\/vc_column][\/vc_row][vc_row rt_row_background_width=\u00bbdefault\u00bb rt_row_style=\u00bbdefault-style\u00bb rt_row_borders=\u00bb\u00bb rt_row_paddings=\u00bbtrue\u00bb rt_bg_effect=\u00bbclassic\u00bb rt_bg_image_repeat=\u00bbrepeat\u00bb rt_bg_size=\u00bbcover\u00bb rt_bg_position=\u00bbright top\u00bb rt_bg_attachment=\u00bbscroll\u00bb rt_bg_video_format=\u00bbself-hosted\u00bb][vc_column rt_wrp_col_paddings=\u00bbfalse\u00bb rt_border_top=\u00bb\u00bb rt_border_bottom=\u00bb\u00bb rt_border_left=\u00bb\u00bb rt_border_right=\u00bb\u00bb rt_border_top_mobile=\u00bb\u00bb rt_border_bottom_mobile=\u00bb\u00bb rt_border_left_mobile=\u00bb\u00bb rt_border_right_mobile=\u00bb\u00bb rt_bg_image_repeat=\u00bbrepeat\u00bb rt_bg_size=\u00bbauto auto\u00bb rt_bg_position=\u00bbright top\u00bb rt_bg_attachment=\u00bbscroll\u00bb][vc_column_text]<\/p>\n<p style=\"text-align: center;\"><a href=\"https:\/\/fepada.org\/wp-content\/uploads\/2025\/03\/22-DISTRIBUCION-DE-ANDARIVELES-FEBREROMARZO-2025.xlsx\">DESCARGAR DOCUMENTO<\/a><\/p>\n<p><a href=\"https:\/\/fepada.org\/wp-content\/uploads\/2025\/03\/22-DISTRIBUCION-DE-ANDARIVELES-FEBREROMARZO-2025.pdf\" class=\"pdfemb-viewer\" style=\"\" data-width=\"max\" data-height=\"max\" data-toolbar=\"both\" data-toolbar-fixed=\"on\">22-DISTRIBUCION DE ANDARIVELES FEBREROMARZO 2025<\/a><a href=\"https:\/\/fepada.org\/wp-content\/uploads\/2025\/03\/22-DISTRIBUCION-DE-ANDARIVELES-FEBREROMARZO-2025-piletita-lmv.pdf\" class=\"pdfemb-viewer\" style=\"\" data-width=\"max\" data-height=\"max\" data-toolbar=\"both\" data-toolbar-fixed=\"on\">22-DISTRIBUCION DE ANDARIVELES FEBREROMARZO 2025 piletita lmv<\/a><a href=\"https:\/\/fepada.org\/wp-content\/uploads\/2025\/03\/22-DISTRIBUCION-DE-ANDARIVELES-FEBREROMARZO-2025-piletita-mj.pdf\" class=\"pdfemb-viewer\" style=\"\" data-width=\"max\" data-height=\"max\" data-toolbar=\"both\" data-toolbar-fixed=\"on\">22-DISTRIBUCION DE ANDARIVELES FEBREROMARZO 2025 piletita mj<\/a>[\/vc_column_text][\/vc_column][\/vc_row][vc_row rt_row_background_width=\u00bbdefault\u00bb rt_row_style=\u00bbdefault-style\u00bb rt_row_borders=\u00bb\u00bb rt_row_paddings=\u00bbtrue\u00bb rt_bg_effect=\u00bbclassic\u00bb rt_bg_image_repeat=\u00bbrepeat\u00bb rt_bg_size=\u00bbcover\u00bb rt_bg_position=\u00bbright top\u00bb rt_bg_attachment=\u00bbscroll\u00bb rt_bg_video_format=\u00bbself-hosted\u00bb][vc_column rt_wrp_col_paddings=\u00bbfalse\u00bb rt_border_top=\u00bb\u00bb rt_border_bottom=\u00bb\u00bb rt_border_left=\u00bb\u00bb rt_border_right=\u00bb\u00bb rt_border_top_mobile=\u00bb\u00bb rt_border_bottom_mobile=\u00bb\u00bb rt_border_left_mobile=\u00bb\u00bb rt_border_right_mobile=\u00bb\u00bb rt_bg_image_repeat=\u00bbrepeat\u00bb rt_bg_size=\u00bbauto auto\u00bb rt_bg_position=\u00bbright top\u00bb rt_bg_attachment=\u00bbscroll\u00bb][vc_column_text]<iframe loading=\"lazy\" style=\"border: 0;\" src=\"https:\/\/www.google.com\/maps\/embed?pb=!1m18!1m12!1m3!1d1169.6922839785607!2d-57.57684564590852!3d-25.276500943497176!2m3!1f0!2f0!3f0!3m2!1i1024!2i768!4f13.1!3m3!1m2!1s0x0%3A0x48029d1f32a5f47a!2sCAN+-+Centro+Acu%C3%A1tico+Nacional!5e0!3m2!1ses-419!2spy!4v1525739245435\" width=\"100%\" height=\"450\" frameborder=\"0\" allowfullscreen=\"allowfullscreen\"><\/iframe>[\/vc_column_text][\/vc_column][\/vc_row]<\/p>","protected":false},"excerpt":{"rendered":"<p>[vc_row rt_row_background_width=\u00bbdefault\u00bb rt_row_style=\u00bbdefault-style\u00bb rt_row_borders=\u00bb\u00bb rt_row_paddings=\u00bbtrue\u00bb rt_bg_effect=\u00bbclassic\u00bb rt_bg_image_repeat=\u00bbrepeat\u00bb rt_bg_size=\u00bbcover\u00bb rt_bg_position=\u00bbright top\u00bb rt_bg_attachment=\u00bbscroll\u00bb rt_bg_video_format=\u00bbself-hosted\u00bb][vc_column rt_wrp_col_paddings=\u00bbfalse\u00bb rt_border_top=\u00bb\u00bb rt_border_bottom=\u00bb\u00bb rt_border_left=\u00bb\u00bb rt_border_right=\u00bb\u00bb rt_border_top_mobile=\u00bb\u00bb rt_border_bottom_mobile=\u00bb\u00bb rt_border_left_mobile=\u00bb\u00bb rt_border_right_mobile=\u00bb\u00bb rt_bg_image_repeat=\u00bbrepeat\u00bb rt_bg_size=\u00bbauto auto\u00bb rt_bg_position=\u00bbright top\u00bb rt_bg_attachment=\u00bbscroll\u00bb][vc_column_text]Centro Acu\u00e1tico Nacional Contacto general:\u00a0mbritez@snd.gov.py Waterpolo Martes y Jueves 19:30 a 21:00 Contactos al 0986-758-991 (Profesor Alexei P\u00e8rez)) Clavados Lunes, miercoles y viernes 9 a 11 horas 12 a [&hellip;]<\/p>\n","protected":false},"author":28,"featured_media":0,"parent":0,"menu_order":10,"comment_status":"closed","ping_status":"closed","template":"","meta":{"_acf_changed":false,"footnotes":""},"class_list":["post-51405","page","type-page","status-publish","hentry"],"acf":[],"_links":{"self":[{"href":"https:\/\/fepada.org\/index.php?rest_route=\/wp\/v2\/pages\/51405","targetHints":{"allow":["GET"]}}],"collection":[{"href":"https:\/\/fepada.org\/index.php?rest_route=\/wp\/v2\/pages"}],"about":[{"href":"https:\/\/fepada.org\/index.php?rest_route=\/wp\/v2\/types\/page"}],"author":[{"embeddable":true,"href":"https:\/\/fepada.org\/index.php?rest_route=\/wp\/v2\/users\/28"}],"replies":[{"embeddable":true,"href":"https:\/\/fepada.org\/index.php?rest_route=%2Fwp%2Fv2%2Fcomments&post=51405"}],"version-history":[{"count":13,"href":"https:\/\/fepada.org\/index.php?rest_route=\/wp\/v2\/pages\/51405\/revisions"}],"predecessor-version":[{"id":60217,"href":"https:\/\/fepada.org\/index.php?rest_route=\/wp\/v2\/pages\/51405\/revisions\/60217"}],"wp:attachment":[{"href":"https:\/\/fepada.org\/index.php?rest_route=%2Fwp%2Fv2%2Fmedia&parent=51405"}],"curies":[{"name":"wp","href":"https:\/\/api.w.org\/{rel}","templated":true}]}}