{"id":45,"date":"2014-12-23T21:14:54","date_gmt":"2014-12-24T01:14:54","guid":{"rendered":"http:\/\/fepada.org\/?page_id=45"},"modified":"2017-11-13T21:20:04","modified_gmt":"2017-11-14T01:20:04","slug":"resena-historica","status":"publish","type":"page","link":"https:\/\/fepada.org\/?page_id=45","title":{"rendered":"Rese\u00f1a Hist\u00f3rica"},"content":{"rendered":"<p>[vc_row rt_row_background_width=\u00bbdefault\u00bb rt_row_style=\u00bbdefault-style\u00bb rt_row_borders=\u00bb\u00bb rt_row_paddings=\u00bbtrue\u00bb rt_bg_effect=\u00bbclassic\u00bb rt_bg_image_repeat=\u00bbrepeat\u00bb rt_bg_size=\u00bbcover\u00bb rt_bg_position=\u00bbright top\u00bb rt_bg_attachment=\u00bbscroll\u00bb rt_bg_video_format=\u00bbself-hosted\u00bb][vc_column width=\u00bb2\/3&#8243; rt_wrp_col_paddings=\u00bbfalse\u00bb rt_border_top=\u00bb\u00bb rt_border_bottom=\u00bb\u00bb rt_border_left=\u00bb\u00bb rt_border_right=\u00bb\u00bb rt_border_top_mobile=\u00bb\u00bb rt_border_bottom_mobile=\u00bb\u00bb rt_border_left_mobile=\u00bb\u00bb rt_border_right_mobile=\u00bb\u00bb rt_bg_image_repeat=\u00bbrepeat\u00bb rt_bg_size=\u00bbauto auto\u00bb rt_bg_position=\u00bbright top\u00bb rt_bg_attachment=\u00bbscroll\u00bb][vc_column_text]Este deporte practicado universalmente naci\u00f3 con la humanidad misma. Los primeros hombres tuvieron que nadar para defenderse de las fieras o buscar alimentos.<\/p>\n<p>En Paraguay se inici\u00f3 en forma organizada en los clubes que a continuaci\u00f3n se menciona. El 6 de mayo de 1.902 se fund\u00f3 bajo la presidencia del Se\u00f1or Federico Ch\u00e1vez Ol\u00edas el Club Nacional de Regatas El Mbig\u00fc\u00e1.<\/p>\n<p>En 1.907, un grupo de alemanes, se reun\u00edan para practicar gimnasia y m\u00e1s adelante nataci\u00f3n. Luego el 31 de octubre de 1.917 fundaron el Club Alem\u00e1n bajo la presidencia del Se\u00f1or Otto Loellke.<\/p>\n<p>En 1.935, un grupo de\u00a0\u00a0alemanes, empleados de la casa Staud y CIA sito en la calle 14 de Julio (hoy Mcal. Estigarribia) esq. Iturbe, luego del cotidiano trabajo, hac\u00edan nataci\u00f3n en el Club Alem\u00e1n\u00a0\u00a0y los domingos algunas competencias entre ellos.<\/p>\n<p>En los clubes Mbig\u00fc\u00e1 y Sajonia tambi\u00e9n se practicaba este deporte pero en forma muy rudimentaria as\u00ed naci\u00f3 la nataci\u00f3n en nuestro medio.<\/p>\n<p>En 1.938 llego al Paraguay el Se\u00f1or Jorge Horvath de nacionalidad H\u00fangara y como conocedor de la nataci\u00f3n introdujo las t\u00e9cnicas adecuadas entre los nadadores del Club Mbig\u00fc\u00e1, donde prestaba su colaboraci\u00f3n permanente. Ese mismo a\u00f1o organiz\u00f3 un torneo e invit\u00f3 al Club Deportivo de Puerto Sajonia. Fue el primero llevado a cabo en nuestro pa\u00eds con las reglamentaciones internacionales impartidas por el Se\u00f1or Jorge Horvath.<\/p>\n<p>En 1.939, el Se\u00f1or Segundo Ibarra instituyo un trofeo con el nombre de \u201cYERBA LEY\u201d, para ser disputado anualmente en un torneo de nataci\u00f3n y se cumpli\u00f3 hasta 1.941. Para el efecto, el club Mbig\u00fc\u00e1, como anfitri\u00f3n construyo un pileta flotante, colocando en las cabeceras maderas sobre tambores y marcados con andariveles de maderas torneadas. Como Capit\u00e1n General fue designado el Se\u00f1or Carlos Carrasco Stagni y Capit\u00e1n de Nataci\u00f3n el Se\u00f1or Francisco Palau.<\/p>\n<p>En aquella \u00e9poca pareciera que el inter\u00e9s hacia la nataci\u00f3n, insist\u00eda m\u00e1s en hacer pruebas de distancia que velocidad y la ambici\u00f3n principal era unir a nado, alguna vez Asunci\u00f3n con la ciudad de Formosa \u2013 Rca. Argentina y en ese deseo como preliminar a su meta Armando Burifaldi nadador del Club Sajonia, realiz\u00f3 el primer raid desde el Club Deportivo de Puerto Sajonia hasta Villeta, en 1.942, cubriendo 40 Km. En 6 horas 50 minutos. En 1.943 el mismo nadador uni\u00f3 Villa Hayes \u2013 Deportivo Sajonia\u00a0\u00a0en 6 horas 30 minutos, y finalmente lleg\u00f3 el momento de intentar cumplir el objetivo propuesto.<\/p>\n<p>A este efecto, el d\u00eda martes 20 de marzo de 1.945 a las 5:30 hs. de la madrugada se lanz\u00f3 al R\u00edo Paraguay frente al Club Deportivo de Puerto Sajonia, llegando a Formosa a las 3:30 horas de la madrugada del jueves 22 de marzo, luego de nadar 46 horas, satisfaciendo as\u00ed el deseo de los amantes del Deporte n\u00e1utico quienes consideraron el hecho una verdadera haza\u00f1a.<br \/>\nEn 1.952, por primera vez nuestro pa\u00eds particip\u00f3 en un Campeonato Sudamericano de Nataci\u00f3n con el auspicio del Consejo Nacional de Deportes.<\/p>\n<p>Ese mismo a\u00f1o se fund\u00f3 la Federaci\u00f3n Paraguaya de Nataci\u00f3n \u2013 FEPANA, bajo la presidencia del Se\u00f1or Jorge Horvath (periodo 1.952-1.954), siendo sus miembros los se\u00f1ores: Dr. Vicente Mayor, Dr. Ignacio Santiviago, C\u00e1p. S.R. Alejandro Von Eckstein, Rogelio Espinola, Carlos Fo\u00eds y como S\u00edndico Ram\u00f3n Berdejo.<\/p>\n<p>La Federaci\u00f3n Paraguaya\u00a0de Nataci\u00f3n se afili\u00f3 a la Federaci\u00f3n Internacional de Nataci\u00f3n Amateur (FINA) en 1.954, hoy llamada Federaci\u00f3n Internacional de Nataci\u00f3n.<\/p>\n<p>Paraguay cuenta con tres t\u00edtulos a nivel mundial, conquistados por nadadores que dieron todo de s\u00ed para honrar al deporte y a la Patria.<\/p>\n<p>Ellos son: Gilberto Ru\u00edz del Club Mbig\u00fc\u00e1, quien el 12 de diciembre de 1.956, inici\u00f3 un raid por el r\u00edo Paraguay, desde la ciudad de Concepci\u00f3n hasta la ciudad de Asunci\u00f3n, culminando en 5 d\u00edas, despu\u00e9s de 105 horas de nado, batiendo la marca mundial que ostentaba el nadador argentino Pedro Candioti con un tiempo de 100 horas y 30 minutos.<\/p>\n<p>Mar\u00eda Digna del Club Deportivo de Puerto Sajonia entrenada por el Profesor H\u00e9ctor Segades , inici\u00f3 un raid desde Concepci\u00f3n el viernes 22 de Marzo de 1.957 a las 8 horas llegando a It\u00e1 Enramada el lunes 25 a las 16:40 horas, nadando 318 Km. En 80 horas y 40 minutos.<\/p>\n<p>Gustavo Mart\u00ednez Jara, del Club Nacional de Regatas El Mbig\u00fc\u00e1 contando con 15 a\u00f1os de edad se lanz\u00f3 frente al club Mbig\u00fc\u00e1 y lleg\u00f3 hasta Formosa- Rca. Argentina, nadando 45 Km. En 45 horas y 36 minutos batiendo el R\u00e9cord Mundial de Menores.<\/p>\n<p>Los clubes Caacup\u00e9 y N\u00e1utico San Bernardino han fomentado tambi\u00e9n la Nataci\u00f3n inclusive sus nadadores han participado de algunos campeonatos nacionales.<\/p>\n<p>El 3 de Diciembre de 1.961, se fund\u00f3 el Nataci\u00f3n Parque Club que cont\u00f3 como sede el predio de la Piscina Ol\u00edmpica construida por el Consejo Nacional de Deportes. Este club presento en los campeonatos nacionales un plantel muy numeroso, pudiendo destacarse entre otros, el nadador Emilio Abreu. En 1976, gano la primera medalla de bronce para la nataci\u00f3n paraguaya. El Nataci\u00f3n Barrio Parque, el\u00a0\u00a0Club Antequera y Castro, la Asociaci\u00f3n Cristiana de J\u00f3venes, el Deportivo Alem\u00e1n, mas los tradicionales Club\u00a0\u00a0Nacional de Regatas El Mbig\u00fc\u00e1 y el Deportivo de Puerto Sajonia, dieron impulso a los campeonatos nacionales.<\/p>\n<p>En la d\u00e9cada del 70, se incorporan dos entidades, la Asociaci\u00f3n de Ex \u2013 alumnos\u00a0\u00a0del Colegio San Jos\u00e9, hoy llamado Deportivo San Jos\u00e9 y el Deportivo Internacional.<\/p>\n<p>La personer\u00eda deportiva de la FEPANA fue reconocida por resoluci\u00f3n del Consejo Nacional de Deportes N\u00b0 336 de fecha 8 de julio de 1.953 y la personer\u00eda jur\u00eddica por el decreto del Poder Ejecutivo Nro. 1953 del 13 de noviembre de 1.953.<\/p>\n<p>Ocuparon la presidencia, Jorge Horvath (1952 &#8211; 54), Dr. Vicente Mayor ( 1954 &#8211; 60), Ing. Atilio Salom\u00f3n (1.960 \u2013 62), Rafael Romero (1.965 \u2013 66), Ing. Salvador Amodei (1.966 \u2013 67), General de Div. Marcial Albrono (1.967 \u2013 68), Constantino Scarpetta (1.968 \u2013 69), Dr. Isidro Ferrer (1.969), Roberto Clari (1.973 \u2013 78), Ing. Atilio Salom\u00f3n (1.978 \u2013 83), Dr. Luis R\u00edos (1.983), Gerardo Torcida (1.983 \u2013 85), Dr. Jorge Ra\u00fal Garcete (1.985 \u2013 87)[\/vc_column_text][\/vc_column][vc_column width=\u00bb1\/3&#8243; rt_wrp_col_paddings=\u00bbfalse\u00bb rt_border_top=\u00bb\u00bb rt_border_bottom=\u00bb\u00bb rt_border_left=\u00bb\u00bb rt_border_right=\u00bb\u00bb rt_border_top_mobile=\u00bb\u00bb rt_border_bottom_mobile=\u00bb\u00bb rt_border_left_mobile=\u00bb\u00bb rt_border_right_mobile=\u00bb\u00bb rt_bg_image_repeat=\u00bbrepeat\u00bb rt_bg_size=\u00bbauto auto\u00bb rt_bg_position=\u00bbright top\u00bb rt_bg_attachment=\u00bbscroll\u00bb]\t \n\t\t<div  class=\"with_icons style-1 \">\n\t\t\t \n\t\t<div  >\n\t\t<span class=\"icon-new-link-1 icon\"><\/span><div class=\"list-content\"><p><a href=\"https:\/\/fepada.org\/?page_id=42&amp;lang=en\">Comisi\u00f3n ejecutiva<\/a><\/p>\n<\/div>\n\t\t<\/div>\n\t\t \n\t\t<div  >\n\t\t<span class=\"icon-new-link-1 icon\"><\/span><div class=\"list-content\"><p><a href=\"https:\/\/fepada.org\/?page_id=45\">Rese\u00f1a Hist\u00f3rica<\/a><\/p>\n<\/div>\n\t\t<\/div>\n\t\n\t\t<\/div>\n\t[\/vc_column][\/vc_row]<\/p>","protected":false},"excerpt":{"rendered":"<p>[vc_row rt_row_background_width=\u00bbdefault\u00bb rt_row_style=\u00bbdefault-style\u00bb rt_row_borders=\u00bb\u00bb rt_row_paddings=\u00bbtrue\u00bb rt_bg_effect=\u00bbclassic\u00bb rt_bg_image_repeat=\u00bbrepeat\u00bb rt_bg_size=\u00bbcover\u00bb rt_bg_position=\u00bbright top\u00bb rt_bg_attachment=\u00bbscroll\u00bb rt_bg_video_format=\u00bbself-hosted\u00bb][vc_column width=\u00bb2\/3&#8243; rt_wrp_col_paddings=\u00bbfalse\u00bb rt_border_top=\u00bb\u00bb rt_border_bottom=\u00bb\u00bb rt_border_left=\u00bb\u00bb rt_border_right=\u00bb\u00bb rt_border_top_mobile=\u00bb\u00bb rt_border_bottom_mobile=\u00bb\u00bb rt_border_left_mobile=\u00bb\u00bb rt_border_right_mobile=\u00bb\u00bb rt_bg_image_repeat=\u00bbrepeat\u00bb rt_bg_size=\u00bbauto auto\u00bb rt_bg_position=\u00bbright top\u00bb rt_bg_attachment=\u00bbscroll\u00bb][vc_column_text]Este deporte practicado universalmente naci\u00f3 con la humanidad misma. Los primeros hombres tuvieron que nadar para defenderse de las fieras o buscar alimentos. En Paraguay se inici\u00f3 en [&hellip;]<\/p>\n","protected":false},"author":28,"featured_media":0,"parent":51397,"menu_order":16,"comment_status":"open","ping_status":"closed","template":"","meta":{"_acf_changed":false,"footnotes":""},"class_list":["post-45","page","type-page","status-publish","hentry"],"acf":[],"_links":{"self":[{"href":"https:\/\/fepada.org\/index.php?rest_route=\/wp\/v2\/pages\/45","targetHints":{"allow":["GET"]}}],"collection":[{"href":"https:\/\/fepada.org\/index.php?rest_route=\/wp\/v2\/pages"}],"about":[{"href":"https:\/\/fepada.org\/index.php?rest_route=\/wp\/v2\/types\/page"}],"author":[{"embeddable":true,"href":"https:\/\/fepada.org\/index.php?rest_route=\/wp\/v2\/users\/28"}],"replies":[{"embeddable":true,"href":"https:\/\/fepada.org\/index.php?rest_route=%2Fwp%2Fv2%2Fcomments&post=45"}],"version-history":[{"count":12,"href":"https:\/\/fepada.org\/index.php?rest_route=\/wp\/v2\/pages\/45\/revisions"}],"predecessor-version":[{"id":51402,"href":"https:\/\/fepada.org\/index.php?rest_route=\/wp\/v2\/pages\/45\/revisions\/51402"}],"up":[{"embeddable":true,"href":"https:\/\/fepada.org\/index.php?rest_route=\/wp\/v2\/pages\/51397"}],"wp:attachment":[{"href":"https:\/\/fepada.org\/index.php?rest_route=%2Fwp%2Fv2%2Fmedia&parent=45"}],"curies":[{"name":"wp","href":"https:\/\/api.w.org\/{rel}","templated":true}]}}